{"id":255909,"date":"2024-10-06T16:55:38","date_gmt":"2024-10-06T15:55:38","guid":{"rendered":"https:\/\/al.fhs.no\/travel-information\/"},"modified":"2026-04-19T17:36:59","modified_gmt":"2026-04-19T16:36:59","slug":"travel-information","status":"publish","type":"page","link":"https:\/\/div52.al.fhs.no\/en\/travel-information\/","title":{"rendered":"Travel information"},"content":{"rendered":"<div class=\"et_pb_section_0 et_pb_section et_section_regular et_block_section preset--module--divi-section--default\"><div class=\"et_pb_row_0 et_pb_row et_block_row preset--module--divi-row--5138c454-be54-4233-bd3b-f8e6a8747976\"><div class=\"et_pb_column_0 et_pb_column et_pb_column_4_4 et-last-child et_block_column et_pb_css_mix_blend_mode_passthrough preset--module--divi-column--73121f80-a3ef-4484-8763-c3f18e3c56d2\"><div class=\"et_pb_map_0 et_pb_map_container et_pb_module et_flex_module\" data-grayscale=\"\"><div class=\"et_pb_map\" data-center-lat=\"60.635999886424\" data-center-lng=\"8.6837659859375\" data-zoom=\"8\" data-mouse-wheel=\"on\" data-mobile-dragging=\"on\"><\/div><div class=\"et_pb_map_pin_0 et_pb_map_pin\" data-lat=\"60.6242132\" data-lng=\"8.5134779\" data-title=\"\"><\/div><\/div><\/div><\/div><\/div><div class=\"et_pb_section_1 et_pb_section et_section_regular et_block_section preset--module--divi-section--default\"><div class=\"et_pb_row_1 et_pb_row et_block_row\"><div class=\"et_pb_column_1 et_pb_column et_pb_column_4_4 et-last-child et_block_column et_pb_css_mix_blend_mode_passthrough preset--module--divi-column--default\"><div class=\"et_pb_heading_0 et_pb_heading et_pb_module et_block_module preset--module--divi-heading--default\"><div class=\"et_pb_heading_container\"><h2 class=\"et_pb_module_header\"> Transport options<\/h2><\/div><\/div><\/div><\/div><div class=\"et_pb_row_2 et_pb_row et-vb-row--no-module et_block_row\"><div class=\"et_pb_column_2 et_pb_column et_pb_column_1_3 et_block_column et_pb_column_empty et_pb_css_mix_blend_mode_passthrough preset--module--divi-column--default\"><\/div><div class=\"et_pb_column_3 et_pb_column et_pb_column_1_3 et_block_column et_pb_column_empty et_pb_css_mix_blend_mode_passthrough preset--module--divi-column--default\"><\/div><div class=\"et_pb_column_4 et_pb_column et_pb_column_1_3 et-last-child et_block_column et_pb_column_empty et_pb_css_mix_blend_mode_passthrough preset--module--divi-column--default\"><\/div><\/div><\/div><div class=\"et_pb_section_2 et_pb_section et_section_regular et_block_section preset--module--divi-section--default\"><div class=\"et_pb_row_3 et_pb_row et_block_row et_pb_section_parallax preset--module--divi-row--5138c454-be54-4233-bd3b-f8e6a8747976\"><span class=\"et-pb-parallax-wrapper\"><span class=\"et-pb-parallax-background et-pb-parallax-background-module--divi-row-3\" style=\"background-image:url(https:\/\/div52.al.fhs.no\/wp-content\/uploads\/2025\/02\/envato-labs-ai-ae0ba529-e677-4386-8347-545a9f4d34f7-2.jpg)\"><\/span><\/span><div class=\"et_pb_column_5 et_pb_column et_pb_column_1_2 et_block_column et_pb_column_empty et_pb_css_mix_blend_mode_passthrough preset--module--divi-column--73121f80-a3ef-4484-8763-c3f18e3c56d2\"><\/div><div class=\"et_pb_column_6 et_pb_column et_pb_column_1_2 et-last-child et_block_column et_pb_css_mix_blend_mode_passthrough preset--module--divi-column--73121f80-a3ef-4484-8763-c3f18e3c56d2\"><div class=\"et_pb_blurb_0 et_pb_blurb et_pb_bg_layout_light et_pb_blurb_position_left et_clickable et_pb_module et_block_module preset--module--divi-blurb--default\"><div class=\"et_pb_blurb_content\"><div class=\"et_pb_main_blurb_image\"><span class=\"et_pb_image_wrap\"><span class=\"et-pb-icon et_animated et_animated\">\uf72e<\/span><\/span><\/div><div class=\"et_pb_blurb_container\"><h4 class=\"et_pb_module_header\">Unmatched travel features<\/h4><div class=\"et_pb_blurb_description\"><p><span>Check the weather radar for updated information on snowfall and rainfall to help prevent road closures.<\/span><\/p>\n<\/div><\/div><\/div><\/div><div class=\"et_pb_module et_pb_button_module_wrapper et_pb_button_0_wrapper preset--module--divi-button--default_wrapper\"><a class=\"et_pb_button_0 et_pb_button et_pb_bg_layout_light et_pb_module et_block_module preset--module--divi-button--default\" href=\"https:\/\/www.yr.no\/en\/map\/radar\" target=\"_blank\">Visit YR<\/a><\/div><\/div><\/div><\/div><div class=\"et_pb_section_3 et_pb_section et_section_regular et_block_section preset--module--divi-section--default\"><div class=\"et_pb_row_4 et_pb_row et_block_row preset--module--divi-row--5138c454-be54-4233-bd3b-f8e6a8747976\"><div class=\"et_pb_column_7 et_pb_column et_pb_column_4_4 et-last-child et_block_column et_pb_css_mix_blend_mode_passthrough preset--module--divi-column--73121f80-a3ef-4484-8763-c3f18e3c56d2\"><div class=\"et_pb_heading_1 et_pb_heading et_pb_module et_block_module preset--module--divi-heading--default\"><div class=\"et_pb_heading_container\"><h2 class=\"et_pb_module_header\">Activities nearby<\/h2><\/div><\/div><\/div><\/div><div class=\"et_pb_row_5 et_pb_row et_block_row preset--module--divi-row--5138c454-be54-4233-bd3b-f8e6a8747976\"><div class=\"et_pb_column_8 et_pb_column et_pb_column_1_3 et_block_column et_pb_css_mix_blend_mode_passthrough preset--module--divi-column--73121f80-a3ef-4484-8763-c3f18e3c56d2\"><div class=\"et_pb_blurb_1 et_pb_blurb et_pb_bg_layout_light et_pb_text_align_center et_pb_blurb_position_top et_pb_module et_block_module preset--module--divi-blurb--f40657c6-388f-4025-8290-9fc56e50a331\"><div class=\"et_pb_blurb_content\"><div class=\"et_pb_main_blurb_image\"><span class=\"et_pb_image_wrap\"><span class=\"et-pb-icon et_animated et_animated\">\uf206<\/span><\/span><\/div><div class=\"et_pb_blurb_container\"><h4 class=\"et_pb_module_header\">Get a bike \u2013 it\u2019s free!<\/h4><div class=\"et_pb_blurb_description\"><p>There are 50 bicycles at the school, and you are welcome to borrow one for free whenever you need it!<\/p>\n<\/div><\/div><\/div><\/div><div class=\"et_pb_module et_pb_button_module_wrapper et_pb_button_1_wrapper preset--module--divi-button--default_wrapper\"><a class=\"et_pb_button_1 et_pb_button et_pb_bg_layout_light et_pb_module et_block_module preset--module--divi-button--default\" href=\"https:\/\/trailguide.net\/html\/Norway\/Buskerud\/%C3%85l\" target=\"_blank\">Explore \u00c5l Bike Trails<\/a><\/div><\/div><div class=\"et_pb_column_9 et_pb_column et_pb_column_1_3 et_block_column et_pb_css_mix_blend_mode_passthrough preset--module--divi-column--73121f80-a3ef-4484-8763-c3f18e3c56d2\"><div class=\"et_pb_blurb_2 et_pb_blurb et_pb_bg_layout_light et_pb_text_align_center et_pb_blurb_position_top et_pb_module et_block_module preset--module--divi-blurb--f40657c6-388f-4025-8290-9fc56e50a331\"><div class=\"et_pb_blurb_content\"><div class=\"et_pb_main_blurb_image\"><span class=\"et_pb_image_wrap\"><span class=\"et-pb-icon et_animated et_animated\">\uf7ca<\/span><\/span><\/div><div class=\"et_pb_blurb_container\"><h4 class=\"et_pb_module_header\">Ski trails <\/h4><div class=\"et_pb_blurb_description\"><p>Use the map to chart your course, identify key landmarks, and potential rest stops along the way.<\/p>\n<\/div><\/div><\/div><\/div><div class=\"et_pb_module et_pb_button_module_wrapper et_pb_button_2_wrapper preset--module--divi-button--c065dbcd-b419-442f-8c32-9dae2622580c_wrapper\"><a class=\"et_pb_button_2 et_pb_button et_pb_bg_layout_light et_pb_module et_block_module preset--module--divi-button--c065dbcd-b419-442f-8c32-9dae2622580c\" href=\"https:\/\/www.skisporet.no\/map\/destination\/346\">See map tips<\/a><\/div><\/div><div class=\"et_pb_column_10 et_pb_column et_pb_column_1_3 et-last-child et_block_column et_pb_css_mix_blend_mode_passthrough preset--module--divi-column--73121f80-a3ef-4484-8763-c3f18e3c56d2\"><div class=\"et_pb_blurb_3 et_pb_blurb et_pb_bg_layout_light et_pb_text_align_center et_pb_blurb_position_top et_pb_module et_block_module preset--module--divi-blurb--f40657c6-388f-4025-8290-9fc56e50a331\"><div class=\"et_pb_blurb_content\"><div class=\"et_pb_main_blurb_image\"><a href=\"https:\/\/www.visitnorway.com\/places-to-go\/eastern-norway\/hallingdal\/listings-hallingdal\/hiking-in-centre-of-%C3%85l\/5605\/\"><span class=\"et_pb_image_wrap\"><span class=\"et-pb-icon et_animated et_animated\">\uf6ec<\/span><\/span><\/a><\/div><div class=\"et_pb_blurb_container\"><h4 class=\"et_pb_module_header\"><a href=\"https:\/\/www.visitnorway.com\/places-to-go\/eastern-norway\/hallingdal\/listings-hallingdal\/hiking-in-centre-of-%C3%85l\/5605\/\">Hiking trails near the school<\/a><\/h4><div class=\"et_pb_blurb_description\"><p><span>Besides the fantastic hiking opportunities in the mountain areas of \u00c5l, there are also some pleasant hiking trails that start in the center of \u00c5l.<\/span><\/p>\n<\/div><\/div><\/div><\/div><div class=\"et_pb_module et_pb_button_module_wrapper et_pb_button_3_wrapper preset--module--divi-button--default_wrapper\"><a class=\"et_pb_button_3 et_pb_button et_pb_bg_layout_light et_pb_module et_block_module preset--module--divi-button--default\" href=\"\">Maintenance Guide<\/a><\/div><\/div><\/div><\/div><div class=\"et_pb_section_4 et_pb_section et_section_regular et_block_section preset--module--divi-section--default\"><\/div><div class=\"et_pb_section_5 et_pb_section et_section_regular et_block_section preset--module--divi-section--default\"><div class=\"et_pb_row_6 et_pb_row et-vb-row--no-module et_block_row preset--module--divi-row--5138c454-be54-4233-bd3b-f8e6a8747976\"><div class=\"et_pb_column_11 et_pb_column et_pb_column_4_4 et-last-child et_block_column et_pb_column_empty et_pb_css_mix_blend_mode_passthrough preset--module--divi-column--73121f80-a3ef-4484-8763-c3f18e3c56d2\"><\/div><\/div><\/div>","protected":false},"excerpt":{"rendered":"","protected":false},"author":1,"featured_media":0,"parent":0,"menu_order":0,"comment_status":"closed","ping_status":"closed","template":"","meta":{"om_disable_all_campaigns":false,"_monsterinsights_skip_tracking":false,"_monsterinsights_sitenote_active":false,"_monsterinsights_sitenote_note":"","_monsterinsights_sitenote_category":0,"_uf_show_specific_survey":0,"_uf_disable_surveys":false,"_et_pb_use_builder":"on","_et_pb_old_content":"","_et_gb_content_width":"","footnotes":""},"difl_page_category":[],"class_list":["post-255909","page","type-page","status-publish","hentry"],"aioseo_notices":[],"aioseo_head":"\n\t\t<!-- All in One SEO Pro 4.9.6.2 - aioseo.com -->\n\t<meta name=\"description\" content=\"Plan your trip to \u00c5l Folk High School for the deaf \u2013 halfway between Oslo and Bergen. Find maps, travel info, and tips for an easy and beautiful journey.\" \/>\n\t<meta name=\"robots\" content=\"noindex, nofollow, max-image-preview:large\" \/>\n\t<meta name=\"msvalidate.01\" content=\"CFE5C3BDE8045D408E05253F255B563D\" \/>\n\t<meta name=\"p:domain_verify\" content=\"875ca38e2a2ff99a485dd32d8146d437\" \/>\n\t<link rel=\"canonical\" href=\"https:\/\/div52.al.fhs.no\/en\/travel-information\/\" \/>\n\t<meta name=\"generator\" content=\"All in One SEO Pro (AIOSEO) 4.9.6.2\" \/>\n\t\t<meta property=\"og:locale\" content=\"en_US\" \/>\n\t\t<meta property=\"og:site_name\" content=\"\u00c5l Folkeh\u00f8yskole for d\u00f8ve - \u00c5l Folkeh\u00f8yskole\" \/>\n\t\t<meta property=\"og:type\" content=\"article\" \/>\n\t\t<meta property=\"og:title\" content=\"Travel Information to \u00c5l Folk High School \u2013 Practical Guide\" \/>\n\t\t<meta property=\"og:description\" content=\"Plan your trip to \u00c5l Folk High School for the deaf \u2013 halfway between Oslo and Bergen. Find maps, travel info, and tips for an easy and beautiful journey.\" \/>\n\t\t<meta property=\"og:url\" content=\"https:\/\/div52.al.fhs.no\/en\/travel-information\/\" \/>\n\t\t<meta property=\"article:published_time\" content=\"2024-10-06T15:55:38+00:00\" \/>\n\t\t<meta property=\"article:modified_time\" content=\"2026-04-19T16:36:59+00:00\" \/>\n\t\t<meta property=\"article:publisher\" content=\"https:\/\/www.facebook.com\/aalfhs\" \/>\n\t\t<meta name=\"twitter:card\" content=\"summary_large_image\" \/>\n\t\t<meta name=\"twitter:title\" content=\"Travel Information to \u00c5l Folk High School \u2013 Practical Guide\" \/>\n\t\t<meta name=\"twitter:description\" content=\"Plan your trip to \u00c5l Folk High School for the deaf \u2013 halfway between Oslo and Bergen. Find maps, travel info, and tips for an easy and beautiful journey.\" \/>\n\t\t<script type=\"application\/ld+json\" class=\"aioseo-schema\">\n\t\t\t{\"@context\":\"https:\\\/\\\/schema.org\",\"@graph\":[{\"@type\":\"BreadcrumbList\",\"@id\":\"https:\\\/\\\/div52.al.fhs.no\\\/en\\\/travel-information\\\/#breadcrumblist\",\"itemListElement\":[{\"@type\":\"ListItem\",\"@id\":\"https:\\\/\\\/div52.al.fhs.no\\\/en\\\/#listItem\",\"position\":1,\"name\":\"Home\",\"item\":\"https:\\\/\\\/div52.al.fhs.no\\\/en\\\/\",\"nextItem\":{\"@type\":\"ListItem\",\"@id\":\"https:\\\/\\\/div52.al.fhs.no\\\/en\\\/travel-information\\\/#listItem\",\"name\":\"Travel information\"}},{\"@type\":\"ListItem\",\"@id\":\"https:\\\/\\\/div52.al.fhs.no\\\/en\\\/travel-information\\\/#listItem\",\"position\":2,\"name\":\"Travel information\",\"previousItem\":{\"@type\":\"ListItem\",\"@id\":\"https:\\\/\\\/div52.al.fhs.no\\\/en\\\/#listItem\",\"name\":\"Home\"}}]},{\"@type\":\"Organization\",\"@id\":\"https:\\\/\\\/div52.al.fhs.no\\\/en\\\/#organization\",\"name\":\"\\u00c5l Folkeh\\u00f8gskole for d\\u00f8ve\",\"description\":\"Siden 1974 har \\u00c5l Folkeh\\u00f8gskole v\\u00e6rt Norges ledende folkeh\\u00f8gskole for norsk tegnspr\\u00e5k, tegnspr\\u00e5koppl\\u00e6ring og d\\u00f8vekultur. Vi tilbyr tegnspr\\u00e5kkurs, temauker og l\\u00e6ringsopphold for barn, ungdom og voksne \\u2013 b\\u00e5de d\\u00f8ve og h\\u00f8rende \\u2013 i et unikt og levende tegnspr\\u00e5kmilj\\u00f8 p\\u00e5 \\u00c5l i Hallingdal. Som nasjonalt kompetansemilj\\u00f8 arbeider vi for tilgjengelighet, inkludering og styrking av norsk tegnspr\\u00e5k som nasjonalt minoritetsspr\\u00e5k\",\"url\":\"https:\\\/\\\/div52.al.fhs.no\\\/en\\\/\",\"email\":\"post@al.fhs.no\",\"telephone\":\"+4732082600\",\"foundingDate\":\"1974-05-16\",\"numberOfEmployees\":{\"@type\":\"QuantitativeValue\",\"minValue\":30,\"maxValue\":40},\"logo\":{\"@type\":\"ImageObject\",\"url\":\"https:\\\/\\\/div52.al.fhs.no\\\/wp-content\\\/uploads\\\/2025\\\/02\\\/logo_alfhs_175.png\",\"@id\":\"https:\\\/\\\/div52.al.fhs.no\\\/en\\\/travel-information\\\/#organizationLogo\",\"width\":150,\"height\":80},\"image\":{\"@id\":\"https:\\\/\\\/div52.al.fhs.no\\\/en\\\/travel-information\\\/#organizationLogo\"},\"sameAs\":[\"https:\\\/\\\/www.facebook.com\\\/aalfhs\",\"https:\\\/\\\/www.instagram.com\\\/aalfhs\\\/\"],\"address\":{\"@id\":\"https:\\\/\\\/div52.al.fhs.no\\\/en\\\/#postaladdress\",\"@type\":\"PostalAddress\",\"streetAddress\":\"Bakketeigen 51,\",\"postalCode\":\"3570\",\"addressLocality\":\"\\u00c5l\",\"addressRegion\":\"Buskerud\",\"addressCountry\":\"NO\"}},{\"@type\":\"WebPage\",\"@id\":\"https:\\\/\\\/div52.al.fhs.no\\\/en\\\/travel-information\\\/#webpage\",\"url\":\"https:\\\/\\\/div52.al.fhs.no\\\/en\\\/travel-information\\\/\",\"name\":\"Travel Information to \\u00c5l Folk High School \\u2013 Practical Guide\",\"description\":\"Plan your trip to \\u00c5l Folk High School for the deaf \\u2013 halfway between Oslo and Bergen. Find maps, travel info, and tips for an easy and beautiful journey.\",\"inLanguage\":\"en-US\",\"isPartOf\":{\"@id\":\"https:\\\/\\\/div52.al.fhs.no\\\/en\\\/#website\"},\"breadcrumb\":{\"@id\":\"https:\\\/\\\/div52.al.fhs.no\\\/en\\\/travel-information\\\/#breadcrumblist\"},\"datePublished\":\"2024-10-06T16:55:38+01:00\",\"dateModified\":\"2026-04-19T17:36:59+01:00\"},{\"@type\":\"WebSite\",\"@id\":\"https:\\\/\\\/div52.al.fhs.no\\\/en\\\/#website\",\"url\":\"https:\\\/\\\/div52.al.fhs.no\\\/en\\\/\",\"name\":\"\\u00c5l Folkeh\\u00f8yskole for d\\u00f8ve\",\"alternateName\":\"\\u00c5l FHS\",\"description\":\"\\u00c5l Folkeh\\u00f8yskole\",\"inLanguage\":\"en-US\",\"publisher\":{\"@id\":\"https:\\\/\\\/div52.al.fhs.no\\\/en\\\/#organization\"}}]}\n\t\t<\/script>\n\t\t<script type=\"text\/javascript\">\n\t\t\t(function(c,l,a,r,i,t,y){\n\t\t\tc[a]=c[a]||function(){(c[a].q=c[a].q||[]).push(arguments)};t=l.createElement(r);t.async=1;\n\t\t\tt.src=\"https:\/\/www.clarity.ms\/tag\/\"+i+\"?ref=aioseo\";y=l.getElementsByTagName(r)[0];y.parentNode.insertBefore(t,y);\n\t\t})(window, document, \"clarity\", \"script\", \"rvbykivuv5\");\n\t\t<\/script>\n\t\t<!-- All in One SEO Pro -->\r\n\t\t<title>Travel Information to \u00c5l Folk High School \u2013 Practical Guide<\/title>\n\n","aioseo_head_json":{"title":"Travel Information to \u00c5l Folk High School \u2013 Practical Guide","description":"Plan your trip to \u00c5l Folk High School for the deaf \u2013 halfway between Oslo and Bergen. Find maps, travel info, and tips for an easy and beautiful journey.","canonical_url":"https:\/\/div52.al.fhs.no\/en\/travel-information\/","robots":"noindex, nofollow, max-image-preview:large","keywords":"","webmasterTools":{"msvalidate.01":"CFE5C3BDE8045D408E05253F255B563D","p:domain_verify":"875ca38e2a2ff99a485dd32d8146d437","miscellaneous":""},"schema":{"@context":"https:\/\/schema.org","@graph":[{"@type":"BreadcrumbList","@id":"https:\/\/div52.al.fhs.no\/en\/travel-information\/#breadcrumblist","itemListElement":[{"@type":"ListItem","@id":"https:\/\/div52.al.fhs.no\/en\/#listItem","position":1,"name":"Home","item":"https:\/\/div52.al.fhs.no\/en\/","nextItem":{"@type":"ListItem","@id":"https:\/\/div52.al.fhs.no\/en\/travel-information\/#listItem","name":"Travel information"}},{"@type":"ListItem","@id":"https:\/\/div52.al.fhs.no\/en\/travel-information\/#listItem","position":2,"name":"Travel information","previousItem":{"@type":"ListItem","@id":"https:\/\/div52.al.fhs.no\/en\/#listItem","name":"Home"}}]},{"@type":"Organization","@id":"https:\/\/div52.al.fhs.no\/en\/#organization","name":"\u00c5l Folkeh\u00f8gskole for d\u00f8ve","description":"Siden 1974 har \u00c5l Folkeh\u00f8gskole v\u00e6rt Norges ledende folkeh\u00f8gskole for norsk tegnspr\u00e5k, tegnspr\u00e5koppl\u00e6ring og d\u00f8vekultur. Vi tilbyr tegnspr\u00e5kkurs, temauker og l\u00e6ringsopphold for barn, ungdom og voksne \u2013 b\u00e5de d\u00f8ve og h\u00f8rende \u2013 i et unikt og levende tegnspr\u00e5kmilj\u00f8 p\u00e5 \u00c5l i Hallingdal. Som nasjonalt kompetansemilj\u00f8 arbeider vi for tilgjengelighet, inkludering og styrking av norsk tegnspr\u00e5k som nasjonalt minoritetsspr\u00e5k","url":"https:\/\/div52.al.fhs.no\/en\/","email":"post@al.fhs.no","telephone":"+4732082600","foundingDate":"1974-05-16","numberOfEmployees":{"@type":"QuantitativeValue","minValue":30,"maxValue":40},"logo":{"@type":"ImageObject","url":"https:\/\/div52.al.fhs.no\/wp-content\/uploads\/2025\/02\/logo_alfhs_175.png","@id":"https:\/\/div52.al.fhs.no\/en\/travel-information\/#organizationLogo","width":150,"height":80},"image":{"@id":"https:\/\/div52.al.fhs.no\/en\/travel-information\/#organizationLogo"},"sameAs":["https:\/\/www.facebook.com\/aalfhs","https:\/\/www.instagram.com\/aalfhs\/"],"address":{"@id":"https:\/\/div52.al.fhs.no\/en\/#postaladdress","@type":"PostalAddress","streetAddress":"Bakketeigen 51,","postalCode":"3570","addressLocality":"\u00c5l","addressRegion":"Buskerud","addressCountry":"NO"}},{"@type":"WebPage","@id":"https:\/\/div52.al.fhs.no\/en\/travel-information\/#webpage","url":"https:\/\/div52.al.fhs.no\/en\/travel-information\/","name":"Travel Information to \u00c5l Folk High School \u2013 Practical Guide","description":"Plan your trip to \u00c5l Folk High School for the deaf \u2013 halfway between Oslo and Bergen. Find maps, travel info, and tips for an easy and beautiful journey.","inLanguage":"en-US","isPartOf":{"@id":"https:\/\/div52.al.fhs.no\/en\/#website"},"breadcrumb":{"@id":"https:\/\/div52.al.fhs.no\/en\/travel-information\/#breadcrumblist"},"datePublished":"2024-10-06T16:55:38+01:00","dateModified":"2026-04-19T17:36:59+01:00"},{"@type":"WebSite","@id":"https:\/\/div52.al.fhs.no\/en\/#website","url":"https:\/\/div52.al.fhs.no\/en\/","name":"\u00c5l Folkeh\u00f8yskole for d\u00f8ve","alternateName":"\u00c5l FHS","description":"\u00c5l Folkeh\u00f8yskole","inLanguage":"en-US","publisher":{"@id":"https:\/\/div52.al.fhs.no\/en\/#organization"}}]},"og:locale":"en_US","og:site_name":"\u00c5l Folkeh\u00f8yskole for d\u00f8ve - \u00c5l Folkeh\u00f8yskole","og:type":"article","og:title":"Travel Information to \u00c5l Folk High School \u2013 Practical Guide","og:description":"Plan your trip to \u00c5l Folk High School for the deaf \u2013 halfway between Oslo and Bergen. Find maps, travel info, and tips for an easy and beautiful journey.","og:url":"https:\/\/div52.al.fhs.no\/en\/travel-information\/","article:published_time":"2024-10-06T15:55:38+00:00","article:modified_time":"2026-04-19T16:36:59+00:00","article:publisher":"https:\/\/www.facebook.com\/aalfhs","twitter:card":"summary_large_image","twitter:title":"Travel Information to \u00c5l Folk High School \u2013 Practical Guide","twitter:description":"Plan your trip to \u00c5l Folk High School for the deaf \u2013 halfway between Oslo and Bergen. Find maps, travel info, and tips for an easy and beautiful journey."},"aioseo_meta_data":{"post_id":"255909","title":"Travel Information to \u00c5l Folk High School \u2013 Practical Guide","description":"Plan your trip to \u00c5l Folk High School for the deaf \u2013 halfway between Oslo and Bergen. Find maps, travel info, and tips for an easy and beautiful journey. ","keywords":null,"keyphrases":{"focus":{"keyphrase":"Reiseinformasjon","score":46,"analysis":{"keyphraseInTitle":{"score":9,"maxScore":9,"error":0},"keyphraseInDescription":{"score":3,"maxScore":9,"error":1},"keyphraseLength":{"score":9,"maxScore":9,"error":0,"length":1},"keyphraseInURL":{"score":1,"maxScore":5,"error":1},"keyphraseInIntroduction":{"score":3,"maxScore":9,"error":1},"keyphraseInSubHeadings":{"score":3,"maxScore":9,"error":1},"keyphraseInImageAlt":{"score":3,"maxScore":9,"error":1},"keywordDensity":{"score":0,"type":"low","maxScore":9,"error":1}}},"additional":[]},"primary_term":null,"canonical_url":null,"og_title":null,"og_description":null,"og_object_type":"default","og_image_type":"default","og_image_url":null,"og_image_width":null,"og_image_height":null,"og_image_custom_url":null,"og_image_custom_fields":null,"og_video":"","og_custom_url":null,"og_article_section":null,"og_article_tags":null,"twitter_use_og":false,"twitter_card":"default","twitter_image_type":"default","twitter_image_url":null,"twitter_image_custom_url":null,"twitter_image_custom_fields":null,"twitter_title":null,"twitter_description":null,"schema":{"blockGraphs":[],"customGraphs":[],"default":{"data":{"Article":[],"Course":[],"Dataset":[],"FAQPage":[],"Movie":[],"Person":[],"Product":[],"ProductReview":[],"Car":[],"Recipe":[],"Service":[],"SoftwareApplication":[],"WebPage":[]},"graphName":"WebPage","isEnabled":true},"graphs":[]},"schema_type":"default","schema_type_options":null,"pillar_content":false,"robots_default":true,"robots_noindex":false,"robots_noarchive":false,"robots_nosnippet":false,"robots_nofollow":false,"robots_noimageindex":false,"robots_noodp":false,"robots_notranslate":false,"robots_max_snippet":"-1","robots_max_videopreview":"-1","robots_max_imagepreview":"large","priority":null,"frequency":"default","local_seo":null,"seo_analyzer_scan_date":"2025-08-15 03:09:57","breadcrumb_settings":null,"limit_modified_date":false,"reviewed_by":"0","open_ai":"{\"title\":{\"suggestions\":[],\"usage\":0},\"description\":{\"suggestions\":[],\"usage\":0}}","ai":{"faqs":[],"keyPoints":[],"titles":[],"descriptions":[],"socialPosts":{"email":[],"linkedin":[],"twitter":[],"facebook":[],"instagram":[]}},"created":"2025-06-26 12:24:32","updated":"2026-04-19 17:30:20"},"aioseo_breadcrumb":"<div class=\"aioseo-breadcrumbs\"><span class=\"aioseo-breadcrumb\">\n\t<a href=\"https:\/\/div52.al.fhs.no\/en\/\" title=\"Home\">Home<\/a>\n<\/span><span class=\"aioseo-breadcrumb-separator\">\u00bb<\/span><span class=\"aioseo-breadcrumb\">\n\tTravel information\n<\/span><\/div>","aioseo_breadcrumb_json":[{"label":"Home","link":"https:\/\/div52.al.fhs.no\/en\/"},{"label":"Travel information","link":"https:\/\/div52.al.fhs.no\/en\/travel-information\/"}],"_links":{"self":[{"href":"https:\/\/div52.al.fhs.no\/en\/wp-json\/wp\/v2\/pages\/255909","targetHints":{"allow":["GET"]}}],"collection":[{"href":"https:\/\/div52.al.fhs.no\/en\/wp-json\/wp\/v2\/pages"}],"about":[{"href":"https:\/\/div52.al.fhs.no\/en\/wp-json\/wp\/v2\/types\/page"}],"author":[{"embeddable":true,"href":"https:\/\/div52.al.fhs.no\/en\/wp-json\/wp\/v2\/users\/1"}],"replies":[{"embeddable":true,"href":"https:\/\/div52.al.fhs.no\/en\/wp-json\/wp\/v2\/comments?post=255909"}],"version-history":[{"count":0,"href":"https:\/\/div52.al.fhs.no\/en\/wp-json\/wp\/v2\/pages\/255909\/revisions"}],"wp:attachment":[{"href":"https:\/\/div52.al.fhs.no\/en\/wp-json\/wp\/v2\/media?parent=255909"}],"wp:term":[{"taxonomy":"difl_page_category","embeddable":true,"href":"https:\/\/div52.al.fhs.no\/en\/wp-json\/wp\/v2\/difl_page_category?post=255909"}],"curies":[{"name":"wp","href":"https:\/\/api.w.org\/{rel}","templated":true}]}}