{"id":255295,"date":"2025-06-08T19:03:04","date_gmt":"2025-06-08T18:03:04","guid":{"rendered":"https:\/\/al.fhs.no\/learn-norwegian-sign-language-al-folk-high-school-sign-language-program\/"},"modified":"2026-04-19T17:37:38","modified_gmt":"2026-04-19T16:37:38","slug":"sign-language","status":"publish","type":"page","link":"https:\/\/div52.al.fhs.no\/en\/sign-language\/","title":{"rendered":"Learn Norwegian Sign Language \u2013 \u00c5l Folk High School"},"content":{"rendered":"\n<div class=\"et_pb_section_0 et_pb_section et_section_regular et_block_section preset--module--divi-section--e68aa8c9-06e1-48cb-b82b-29ec720aed4c\"><div class=\"et_pb_row_0 et_pb_row et_block_row preset--module--divi-row--5138c454-be54-4233-bd3b-f8e6a8747976\"><div class=\"et_pb_column_0 et_pb_column et_pb_column_1_2 et_block_column et_pb_css_mix_blend_mode_passthrough preset--module--divi-column--73121f80-a3ef-4484-8763-c3f18e3c56d2\"><div class=\"et_pb_heading_0 et_pb_heading et_pb_module et_block_module preset--module--divi-heading--ddeb8c09-9078-4424-bc15-2efb6572e28e\"><div class=\"et_pb_heading_container\"><h1 class=\"et_pb_module_header\">Learn sign language \u2013 a language for everyone!<\/h1><\/div><\/div><div class=\"et_pb_text_0 et_pb_text et_pb_bg_layout_light et_pb_module et_block_module preset--module--divi-text--default\"><div class=\"et_pb_text_inner\"><p>Interested in sign language? We offer courses for all levels \u2013 whether you are a beginner, want to brush up, or want to learn more.<\/p>\n<\/div><\/div><\/div><div class=\"et_pb_column_1 et_pb_column et_pb_column_1_2 et-last-child et_block_column et_pb_column_empty et_pb_css_mix_blend_mode_passthrough preset--module--divi-column--73121f80-a3ef-4484-8763-c3f18e3c56d2\"><\/div><\/div><\/div><div class=\"et_pb_section_1 et_pb_section et_section_regular et_block_section preset--module--divi-section--default\"><div class=\"et_pb_row_1 et_pb_row et_block_row\"><div class=\"et_pb_column_2 et_pb_column et_pb_column_4_4 et-last-child et_block_column et_pb_css_mix_blend_mode_passthrough preset--module--divi-column--default\"><div class=\"et_pb_heading_1 et_pb_heading et_pb_module et_block_module preset--module--divi-heading--default\"><div class=\"et_pb_heading_container\"><h2 class=\"et_pb_module_header\">We offer to.<\/h2><\/div><\/div><\/div><\/div><\/div><div class=\"et_pb_section_2 et_pb_section et_section_regular et_block_section preset--module--divi-section--default\"><div class=\"et_pb_row_2 et_pb_row et_block_row\"><div class=\"et_pb_column_3 et_pb_column et_pb_column_1_2 et_block_column et_pb_css_mix_blend_mode_passthrough preset--module--divi-column--default\"><div class=\"et_pb_heading_2 et_pb_heading et_pb_module et_block_module preset--module--divi-heading--default\"><div class=\"et_pb_heading_container\"><h2 class=\"et_pb_module_header\">Grammar and structure in Norwegian Sign Language<\/h2><\/div><\/div><div class=\"et_pb_text_1 et_pb_text et_pb_bg_layout_light et_pb_module et_block_module preset--module--divi-text--default\"><div class=\"et_pb_text_inner\"><p>Norwegian Sign Language has its own grammar that differs from spoken Norwegian. It is a simultaneous language, which means that you can express several things at the same time \u2013 for example, combining hand gestures with facial expressions and body language. This provides a more nuanced and visual form of communication. The sentence structure is also different. Where Norwegian spoken language often follows the order subject\u2013verb\u2013object, sign language often uses the structure time\u2013place\u2013actor\u2013action. Et eksempel: \"I g\u00e5r hjemme sn\u00f8en l\u00e5 h\u00f8y Ole m\u00e5ke\" kan i norsk talespr\u00e5k oversettes til \"Ole m\u00e5kte mye sn\u00f8 hjemme i g\u00e5r\". Dette viser spr\u00e5kets visuelle og strukturelle egenart.<\/p>\n<\/div><\/div><\/div><div class=\"et_pb_column_4 et_pb_column et_pb_column_1_2 et-last-child et_block_column et_pb_css_mix_blend_mode_passthrough preset--module--divi-column--default\"><div class=\"et_pb_heading_3 et_pb_heading et_pb_module et_block_module preset--module--divi-heading--default\"><div class=\"et_pb_heading_container\"><h2 class=\"et_pb_module_header\">History<\/h2><\/div><\/div><div class=\"et_pb_text_2 et_pb_text et_pb_bg_layout_light et_pb_module et_block_module preset--module--divi-text--default\"><div class=\"et_pb_text_inner\"><p>Norsk tegnspr\u00e5k har en sammenhengende historie som startet i 1815, da Andreas M\u00f8ller, en d\u00f8v mann utdannet i K\u00f8benhavn, returnerte til Trondheim. Der m\u00f8tte han andre d\u00f8ve, og i 1825 etablerte han Norges f\u00f8rste skole for d\u00f8ve. Rundt 1850 ble det ogs\u00e5 etablert skoler i Oslo, Kristiansand og Bergen, noe som f\u00f8rte til utviklingen av tre regionale dialekter: \u00f8stnorsk, vestnorsk og tr\u00f8ndersk tegnspr\u00e5k. D\u00f8ve begynte \u00e5 samles rundt skolene og dannet etter hvert d\u00f8veforeninger. Den f\u00f8rste foreningen ble stiftet i Oslo i 1878, og Norges D\u00f8veforbund ble grunnlagt i 1918. Disse foreningene ble viktige arenaer for sosialt liv og tegnspr\u00e5kbruk. P\u00e5 slutten av 1800-tallet etablerte d\u00f8ve egne menigheter og D\u00f8vekirken. Senere fulgte sportsklubber, teater, videreg\u00e5ende oppl\u00e6ring, folkeh\u00f8yskole og medier der <a href=\"https:\/\/div52.al.fhs.no\/en\/sign-language\/\">norsk tegnspr\u00e5k<\/a> var hovedspr\u00e5ket. This has contributed to preserving and strengthening the role of sign language in the deaf community in Norway.<\/p>\n<\/div><\/div><\/div><\/div><\/div>\n","protected":false},"excerpt":{"rendered":"","protected":false},"author":1,"featured_media":255206,"parent":0,"menu_order":0,"comment_status":"closed","ping_status":"closed","template":"","meta":{"om_disable_all_campaigns":false,"_monsterinsights_skip_tracking":false,"_monsterinsights_sitenote_active":false,"_monsterinsights_sitenote_note":"","_monsterinsights_sitenote_category":0,"_uf_show_specific_survey":0,"_uf_disable_surveys":false,"_et_pb_use_builder":"on","_et_pb_old_content":"","_et_gb_content_width":"","footnotes":""},"difl_page_category":[],"class_list":["post-255295","page","type-page","status-publish","has-post-thumbnail","hentry"],"aioseo_notices":[],"aioseo_head":"\n\t\t<!-- All in One SEO Pro 4.9.6.2 - aioseo.com -->\n\t<meta name=\"description\" content=\"Learn Norwegian Sign Language at Norway&#039;s only sign language school, \u00c5l Folkeh\u00f8gskole. Inclusive year with daily teaching, culture, activities and a study trip\" \/>\n\t<meta name=\"robots\" content=\"noindex, nofollow, max-image-preview:large\" \/>\n\t<meta name=\"msvalidate.01\" content=\"CFE5C3BDE8045D408E05253F255B563D\" \/>\n\t<meta name=\"p:domain_verify\" content=\"875ca38e2a2ff99a485dd32d8146d437\" \/>\n\t<link rel=\"canonical\" href=\"https:\/\/div52.al.fhs.no\/en\/sign-language\/\" \/>\n\t<meta name=\"generator\" content=\"All in One SEO Pro (AIOSEO) 4.9.6.2\" \/>\n\t\t<meta property=\"og:locale\" content=\"en_US\" \/>\n\t\t<meta property=\"og:site_name\" content=\"\u00c5l Folkeh\u00f8yskole for d\u00f8ve - \u00c5l Folkeh\u00f8yskole\" \/>\n\t\t<meta property=\"og:type\" content=\"article\" \/>\n\t\t<meta property=\"og:title\" content=\"Learn Norwegian Sign Language \u2013 \u00c5l Folk High School Sign Language Program\" \/>\n\t\t<meta property=\"og:description\" content=\"Learn Norwegian Sign Language at Norway&#039;s only sign language school, \u00c5l Folkeh\u00f8gskole. Inclusive year with daily teaching, culture, activities and a study trip\" \/>\n\t\t<meta property=\"og:url\" content=\"https:\/\/div52.al.fhs.no\/en\/sign-language\/\" \/>\n\t\t<meta property=\"og:image\" content=\"https:\/\/div52.al.fhs.no\/wp-content\/uploads\/2025\/06\/a-young-mother-with-a-toddler-daughter-having-fun-2024-10-18-17-44-02-utc-scaled.jpg\" \/>\n\t\t<meta property=\"og:image:secure_url\" content=\"https:\/\/div52.al.fhs.no\/wp-content\/uploads\/2025\/06\/a-young-mother-with-a-toddler-daughter-having-fun-2024-10-18-17-44-02-utc-scaled.jpg\" \/>\n\t\t<meta property=\"og:image:width\" content=\"2560\" \/>\n\t\t<meta property=\"og:image:height\" content=\"1658\" \/>\n\t\t<meta property=\"article:published_time\" content=\"2025-06-08T18:03:04+00:00\" \/>\n\t\t<meta property=\"article:modified_time\" content=\"2026-04-19T16:37:38+00:00\" \/>\n\t\t<meta property=\"article:publisher\" content=\"https:\/\/www.facebook.com\/aalfhs\" \/>\n\t\t<meta name=\"twitter:card\" content=\"summary_large_image\" \/>\n\t\t<meta name=\"twitter:title\" content=\"Learn Norwegian Sign Language \u2013 \u00c5l Folk High School Sign Language Program\" \/>\n\t\t<meta name=\"twitter:description\" content=\"Learn Norwegian Sign Language at Norway&#039;s only sign language school, \u00c5l Folkeh\u00f8gskole. Inclusive year with daily teaching, culture, activities and a study trip\" \/>\n\t\t<meta name=\"twitter:image\" content=\"https:\/\/div52.al.fhs.no\/wp-content\/uploads\/2025\/06\/a-young-mother-with-a-toddler-daughter-having-fun-2024-10-18-17-44-02-utc-scaled.jpg\" \/>\n\t\t<script type=\"application\/ld+json\" class=\"aioseo-schema\">\n\t\t\t{\"@context\":\"https:\\\/\\\/schema.org\",\"@graph\":[{\"@type\":\"BreadcrumbList\",\"@id\":\"https:\\\/\\\/div52.al.fhs.no\\\/en\\\/sign-language\\\/#breadcrumblist\",\"itemListElement\":[{\"@type\":\"ListItem\",\"@id\":\"https:\\\/\\\/div52.al.fhs.no\\\/en\\\/#listItem\",\"position\":1,\"name\":\"Home\",\"item\":\"https:\\\/\\\/div52.al.fhs.no\\\/en\\\/\",\"nextItem\":{\"@type\":\"ListItem\",\"@id\":\"https:\\\/\\\/div52.al.fhs.no\\\/en\\\/sign-language\\\/#listItem\",\"name\":\"Learn Norwegian Sign Language \\u2013 \\u00c5l Folk High School\"}},{\"@type\":\"ListItem\",\"@id\":\"https:\\\/\\\/div52.al.fhs.no\\\/en\\\/sign-language\\\/#listItem\",\"position\":2,\"name\":\"Learn Norwegian Sign Language \\u2013 \\u00c5l Folk High School\",\"previousItem\":{\"@type\":\"ListItem\",\"@id\":\"https:\\\/\\\/div52.al.fhs.no\\\/en\\\/#listItem\",\"name\":\"Home\"}}]},{\"@type\":\"Organization\",\"@id\":\"https:\\\/\\\/div52.al.fhs.no\\\/en\\\/#organization\",\"name\":\"\\u00c5l Folkeh\\u00f8gskole for d\\u00f8ve\",\"description\":\"Siden 1974 har \\u00c5l Folkeh\\u00f8gskole v\\u00e6rt Norges ledende folkeh\\u00f8gskole for norsk tegnspr\\u00e5k, tegnspr\\u00e5koppl\\u00e6ring og d\\u00f8vekultur. Vi tilbyr tegnspr\\u00e5kkurs, temauker og l\\u00e6ringsopphold for barn, ungdom og voksne \\u2013 b\\u00e5de d\\u00f8ve og h\\u00f8rende \\u2013 i et unikt og levende tegnspr\\u00e5kmilj\\u00f8 p\\u00e5 \\u00c5l i Hallingdal. Som nasjonalt kompetansemilj\\u00f8 arbeider vi for tilgjengelighet, inkludering og styrking av norsk tegnspr\\u00e5k som nasjonalt minoritetsspr\\u00e5k\",\"url\":\"https:\\\/\\\/div52.al.fhs.no\\\/en\\\/\",\"email\":\"post@al.fhs.no\",\"telephone\":\"+4732082600\",\"foundingDate\":\"1974-05-16\",\"numberOfEmployees\":{\"@type\":\"QuantitativeValue\",\"minValue\":30,\"maxValue\":40},\"logo\":{\"@type\":\"ImageObject\",\"url\":\"https:\\\/\\\/div52.al.fhs.no\\\/wp-content\\\/uploads\\\/2025\\\/02\\\/logo_alfhs_175.png\",\"@id\":\"https:\\\/\\\/div52.al.fhs.no\\\/en\\\/sign-language\\\/#organizationLogo\",\"width\":150,\"height\":80},\"image\":{\"@id\":\"https:\\\/\\\/div52.al.fhs.no\\\/en\\\/sign-language\\\/#organizationLogo\"},\"sameAs\":[\"https:\\\/\\\/www.facebook.com\\\/aalfhs\",\"https:\\\/\\\/www.instagram.com\\\/aalfhs\\\/\"],\"address\":{\"@id\":\"https:\\\/\\\/div52.al.fhs.no\\\/en\\\/#postaladdress\",\"@type\":\"PostalAddress\",\"streetAddress\":\"Bakketeigen 51,\",\"postalCode\":\"3570\",\"addressLocality\":\"\\u00c5l\",\"addressRegion\":\"Buskerud\",\"addressCountry\":\"NO\"}},{\"@type\":\"WebPage\",\"@id\":\"https:\\\/\\\/div52.al.fhs.no\\\/en\\\/sign-language\\\/#webpage\",\"url\":\"https:\\\/\\\/div52.al.fhs.no\\\/en\\\/sign-language\\\/\",\"name\":\"Learn Norwegian Sign Language \\u2013 \\u00c5l Folk High School Sign Language Program\",\"description\":\"Learn Norwegian Sign Language at Norway's only sign language school, \\u00c5l Folkeh\\u00f8gskole. Inclusive year with daily teaching, culture, activities and a study trip\",\"inLanguage\":\"en-US\",\"isPartOf\":{\"@id\":\"https:\\\/\\\/div52.al.fhs.no\\\/en\\\/#website\"},\"breadcrumb\":{\"@id\":\"https:\\\/\\\/div52.al.fhs.no\\\/en\\\/sign-language\\\/#breadcrumblist\"},\"image\":{\"@type\":\"ImageObject\",\"url\":\"https:\\\/\\\/div52.al.fhs.no\\\/wp-content\\\/uploads\\\/2025\\\/06\\\/a-young-mother-with-a-toddler-daughter-having-fun-2024-10-18-17-44-02-utc-scaled.jpg\",\"@id\":\"https:\\\/\\\/div52.al.fhs.no\\\/en\\\/sign-language\\\/#mainImage\",\"width\":2560,\"height\":1658},\"primaryImageOfPage\":{\"@id\":\"https:\\\/\\\/div52.al.fhs.no\\\/en\\\/sign-language\\\/#mainImage\"},\"datePublished\":\"2025-06-08T19:03:04+01:00\",\"dateModified\":\"2026-04-19T17:37:38+01:00\"},{\"@type\":\"WebSite\",\"@id\":\"https:\\\/\\\/div52.al.fhs.no\\\/en\\\/#website\",\"url\":\"https:\\\/\\\/div52.al.fhs.no\\\/en\\\/\",\"name\":\"\\u00c5l Folkeh\\u00f8yskole for d\\u00f8ve\",\"alternateName\":\"\\u00c5l FHS\",\"description\":\"\\u00c5l Folkeh\\u00f8yskole\",\"inLanguage\":\"en-US\",\"publisher\":{\"@id\":\"https:\\\/\\\/div52.al.fhs.no\\\/en\\\/#organization\"}}]}\n\t\t<\/script>\n\t\t<script type=\"text\/javascript\">\n\t\t\t(function(c,l,a,r,i,t,y){\n\t\t\tc[a]=c[a]||function(){(c[a].q=c[a].q||[]).push(arguments)};t=l.createElement(r);t.async=1;\n\t\t\tt.src=\"https:\/\/www.clarity.ms\/tag\/\"+i+\"?ref=aioseo\";y=l.getElementsByTagName(r)[0];y.parentNode.insertBefore(t,y);\n\t\t})(window, document, \"clarity\", \"script\", \"rvbykivuv5\");\n\t\t<\/script>\n\t\t<!-- All in One SEO Pro -->\r\n\t\t<title>Learn Norwegian Sign Language \u2013 \u00c5l Folk High School Sign Language Program<\/title>\n\n","aioseo_head_json":{"title":"Learn Norwegian Sign Language \u2013 \u00c5l Folk High School Sign Language Program","description":"Learn Norwegian Sign Language at Norway's only sign language school, \u00c5l Folkeh\u00f8gskole. Inclusive year with daily teaching, culture, activities and a study trip","canonical_url":"https:\/\/div52.al.fhs.no\/en\/sign-language\/","robots":"noindex, nofollow, max-image-preview:large","keywords":"","webmasterTools":{"msvalidate.01":"CFE5C3BDE8045D408E05253F255B563D","p:domain_verify":"875ca38e2a2ff99a485dd32d8146d437","miscellaneous":""},"schema":{"@context":"https:\/\/schema.org","@graph":[{"@type":"BreadcrumbList","@id":"https:\/\/div52.al.fhs.no\/en\/sign-language\/#breadcrumblist","itemListElement":[{"@type":"ListItem","@id":"https:\/\/div52.al.fhs.no\/en\/#listItem","position":1,"name":"Home","item":"https:\/\/div52.al.fhs.no\/en\/","nextItem":{"@type":"ListItem","@id":"https:\/\/div52.al.fhs.no\/en\/sign-language\/#listItem","name":"Learn Norwegian Sign Language \u2013 \u00c5l Folk High School"}},{"@type":"ListItem","@id":"https:\/\/div52.al.fhs.no\/en\/sign-language\/#listItem","position":2,"name":"Learn Norwegian Sign Language \u2013 \u00c5l Folk High School","previousItem":{"@type":"ListItem","@id":"https:\/\/div52.al.fhs.no\/en\/#listItem","name":"Home"}}]},{"@type":"Organization","@id":"https:\/\/div52.al.fhs.no\/en\/#organization","name":"\u00c5l Folkeh\u00f8gskole for d\u00f8ve","description":"Siden 1974 har \u00c5l Folkeh\u00f8gskole v\u00e6rt Norges ledende folkeh\u00f8gskole for norsk tegnspr\u00e5k, tegnspr\u00e5koppl\u00e6ring og d\u00f8vekultur. Vi tilbyr tegnspr\u00e5kkurs, temauker og l\u00e6ringsopphold for barn, ungdom og voksne \u2013 b\u00e5de d\u00f8ve og h\u00f8rende \u2013 i et unikt og levende tegnspr\u00e5kmilj\u00f8 p\u00e5 \u00c5l i Hallingdal. Som nasjonalt kompetansemilj\u00f8 arbeider vi for tilgjengelighet, inkludering og styrking av norsk tegnspr\u00e5k som nasjonalt minoritetsspr\u00e5k","url":"https:\/\/div52.al.fhs.no\/en\/","email":"post@al.fhs.no","telephone":"+4732082600","foundingDate":"1974-05-16","numberOfEmployees":{"@type":"QuantitativeValue","minValue":30,"maxValue":40},"logo":{"@type":"ImageObject","url":"https:\/\/div52.al.fhs.no\/wp-content\/uploads\/2025\/02\/logo_alfhs_175.png","@id":"https:\/\/div52.al.fhs.no\/en\/sign-language\/#organizationLogo","width":150,"height":80},"image":{"@id":"https:\/\/div52.al.fhs.no\/en\/sign-language\/#organizationLogo"},"sameAs":["https:\/\/www.facebook.com\/aalfhs","https:\/\/www.instagram.com\/aalfhs\/"],"address":{"@id":"https:\/\/div52.al.fhs.no\/en\/#postaladdress","@type":"PostalAddress","streetAddress":"Bakketeigen 51,","postalCode":"3570","addressLocality":"\u00c5l","addressRegion":"Buskerud","addressCountry":"NO"}},{"@type":"WebPage","@id":"https:\/\/div52.al.fhs.no\/en\/sign-language\/#webpage","url":"https:\/\/div52.al.fhs.no\/en\/sign-language\/","name":"Learn Norwegian Sign Language \u2013 \u00c5l Folk High School Sign Language Program","description":"Learn Norwegian Sign Language at Norway's only sign language school, \u00c5l Folkeh\u00f8gskole. Inclusive year with daily teaching, culture, activities and a study trip","inLanguage":"en-US","isPartOf":{"@id":"https:\/\/div52.al.fhs.no\/en\/#website"},"breadcrumb":{"@id":"https:\/\/div52.al.fhs.no\/en\/sign-language\/#breadcrumblist"},"image":{"@type":"ImageObject","url":"https:\/\/div52.al.fhs.no\/wp-content\/uploads\/2025\/06\/a-young-mother-with-a-toddler-daughter-having-fun-2024-10-18-17-44-02-utc-scaled.jpg","@id":"https:\/\/div52.al.fhs.no\/en\/sign-language\/#mainImage","width":2560,"height":1658},"primaryImageOfPage":{"@id":"https:\/\/div52.al.fhs.no\/en\/sign-language\/#mainImage"},"datePublished":"2025-06-08T19:03:04+01:00","dateModified":"2026-04-19T17:37:38+01:00"},{"@type":"WebSite","@id":"https:\/\/div52.al.fhs.no\/en\/#website","url":"https:\/\/div52.al.fhs.no\/en\/","name":"\u00c5l Folkeh\u00f8yskole for d\u00f8ve","alternateName":"\u00c5l FHS","description":"\u00c5l Folkeh\u00f8yskole","inLanguage":"en-US","publisher":{"@id":"https:\/\/div52.al.fhs.no\/en\/#organization"}}]},"og:locale":"en_US","og:site_name":"\u00c5l Folkeh\u00f8yskole for d\u00f8ve - \u00c5l Folkeh\u00f8yskole","og:type":"article","og:title":"Learn Norwegian Sign Language \u2013 \u00c5l Folk High School Sign Language Program","og:description":"Learn Norwegian Sign Language at Norway's only sign language school, \u00c5l Folkeh\u00f8gskole. Inclusive year with daily teaching, culture, activities and a study trip","og:url":"https:\/\/div52.al.fhs.no\/en\/sign-language\/","og:image":"https:\/\/div52.al.fhs.no\/wp-content\/uploads\/2025\/06\/a-young-mother-with-a-toddler-daughter-having-fun-2024-10-18-17-44-02-utc-scaled.jpg","og:image:secure_url":"https:\/\/div52.al.fhs.no\/wp-content\/uploads\/2025\/06\/a-young-mother-with-a-toddler-daughter-having-fun-2024-10-18-17-44-02-utc-scaled.jpg","og:image:width":2560,"og:image:height":1658,"article:published_time":"2025-06-08T18:03:04+00:00","article:modified_time":"2026-04-19T16:37:38+00:00","article:publisher":"https:\/\/www.facebook.com\/aalfhs","twitter:card":"summary_large_image","twitter:title":"Learn Norwegian Sign Language \u2013 \u00c5l Folk High School Sign Language Program","twitter:description":"Learn Norwegian Sign Language at Norway's only sign language school, \u00c5l Folkeh\u00f8gskole. Inclusive year with daily teaching, culture, activities and a study trip","twitter:image":"https:\/\/div52.al.fhs.no\/wp-content\/uploads\/2025\/06\/a-young-mother-with-a-toddler-daughter-having-fun-2024-10-18-17-44-02-utc-scaled.jpg"},"aioseo_meta_data":{"post_id":"255295","title":"Learn Norwegian Sign Language \u2013 \u00c5l Folk High School Sign Language Program","description":"Learn Norwegian Sign Language at Norway's only sign language school, \u00c5l Folkeh\u00f8gskole. Inclusive year with daily teaching, culture, activities and a study trip","keywords":null,"keyphrases":{"focus":{"keyphrase":"tegnspr\u00e5k","score":85,"analysis":{"keyphraseInTitle":{"score":9,"maxScore":9,"error":0},"keyphraseInDescription":{"score":9,"maxScore":9,"error":0},"keyphraseLength":{"score":9,"maxScore":9,"error":0,"length":2},"keyphraseInURL":{"score":5,"maxScore":5,"error":0},"keyphraseInIntroduction":{"score":9,"maxScore":9,"error":0},"keyphraseInSubHeadings":{"score":9,"maxScore":9,"error":0},"keyphraseInImageAlt":[],"keywordDensity":{"type":"high","score":0,"maxScore":9,"error":1}}},"additional":[{"keyphrase":"d\u00f8ve","score":67,"analysis":{"keyphraseInDescription":{"score":3,"maxScore":9,"error":1},"keyphraseLength":{"score":9,"maxScore":9,"error":0,"length":2},"keyphraseInIntroduction":{"score":3,"maxScore":9,"error":1},"keyphraseInImageAlt":[],"keywordDensity":{"type":"best","score":9,"maxScore":9,"error":0}}},{"keyphrase":"kurssenter","score":42,"analysis":{"keyphraseInDescription":{"score":3,"maxScore":9,"error":1},"keyphraseLength":{"score":9,"maxScore":9,"error":0,"length":1},"keyphraseInIntroduction":{"score":3,"maxScore":9,"error":1},"keyphraseInImageAlt":[],"keywordDensity":{"score":0,"type":"low","maxScore":9,"error":1}}}]},"primary_term":null,"canonical_url":null,"og_title":null,"og_description":null,"og_object_type":"default","og_image_type":"default","og_image_url":null,"og_image_width":null,"og_image_height":null,"og_image_custom_url":null,"og_image_custom_fields":null,"og_video":"","og_custom_url":null,"og_article_section":null,"og_article_tags":null,"twitter_use_og":false,"twitter_card":"default","twitter_image_type":"default","twitter_image_url":null,"twitter_image_custom_url":null,"twitter_image_custom_fields":null,"twitter_title":null,"twitter_description":null,"schema":{"blockGraphs":[],"customGraphs":[],"default":{"data":{"Article":[],"Course":[],"Dataset":[],"FAQPage":[],"Movie":[],"Person":[],"Product":[],"ProductReview":[],"Car":[],"Recipe":[],"Service":[],"SoftwareApplication":[],"WebPage":[]},"graphName":"WebPage","isEnabled":true},"graphs":[]},"schema_type":"default","schema_type_options":null,"pillar_content":false,"robots_default":true,"robots_noindex":false,"robots_noarchive":false,"robots_nosnippet":false,"robots_nofollow":false,"robots_noimageindex":false,"robots_noodp":false,"robots_notranslate":false,"robots_max_snippet":"-1","robots_max_videopreview":"-1","robots_max_imagepreview":"large","priority":null,"frequency":"default","local_seo":null,"seo_analyzer_scan_date":"2025-08-15 03:20:06","breadcrumb_settings":null,"limit_modified_date":false,"reviewed_by":"0","open_ai":"{\"title\":{\"suggestions\":[],\"usage\":0},\"description\":{\"suggestions\":[],\"usage\":0}}","ai":null,"created":"2025-06-09 15:00:06","updated":"2026-04-19 17:30:19"},"aioseo_breadcrumb":"<div class=\"aioseo-breadcrumbs\"><span class=\"aioseo-breadcrumb\">\n\t<a href=\"https:\/\/div52.al.fhs.no\/en\/\" title=\"Home\">Home<\/a>\n<\/span><span class=\"aioseo-breadcrumb-separator\">\u00bb<\/span><span class=\"aioseo-breadcrumb\">\n\tLearn Norwegian Sign Language \u2013 \u00c5l Folk High School\n<\/span><\/div>","aioseo_breadcrumb_json":[{"label":"Home","link":"https:\/\/div52.al.fhs.no\/en\/"},{"label":"Learn Norwegian Sign Language \u2013 \u00c5l Folk High School","link":"https:\/\/div52.al.fhs.no\/en\/sign-language\/"}],"_links":{"self":[{"href":"https:\/\/div52.al.fhs.no\/en\/wp-json\/wp\/v2\/pages\/255295","targetHints":{"allow":["GET"]}}],"collection":[{"href":"https:\/\/div52.al.fhs.no\/en\/wp-json\/wp\/v2\/pages"}],"about":[{"href":"https:\/\/div52.al.fhs.no\/en\/wp-json\/wp\/v2\/types\/page"}],"author":[{"embeddable":true,"href":"https:\/\/div52.al.fhs.no\/en\/wp-json\/wp\/v2\/users\/1"}],"replies":[{"embeddable":true,"href":"https:\/\/div52.al.fhs.no\/en\/wp-json\/wp\/v2\/comments?post=255295"}],"version-history":[{"count":0,"href":"https:\/\/div52.al.fhs.no\/en\/wp-json\/wp\/v2\/pages\/255295\/revisions"}],"wp:featuredmedia":[{"embeddable":true,"href":"https:\/\/div52.al.fhs.no\/en\/wp-json\/wp\/v2\/media\/255206"}],"wp:attachment":[{"href":"https:\/\/div52.al.fhs.no\/en\/wp-json\/wp\/v2\/media?parent=255295"}],"wp:term":[{"taxonomy":"difl_page_category","embeddable":true,"href":"https:\/\/div52.al.fhs.no\/en\/wp-json\/wp\/v2\/difl_page_category?post=255295"}],"curies":[{"name":"wp","href":"https:\/\/api.w.org\/{rel}","templated":true}]}}