{"id":255088,"date":"2024-10-02T23:05:46","date_gmt":"2024-10-02T22:05:46","guid":{"rendered":"https:\/\/al.fhs.no\/programs\/elective-course\/"},"modified":"2026-04-19T17:36:46","modified_gmt":"2026-04-19T16:36:46","slug":"elective-course","status":"publish","type":"page","link":"https:\/\/div52.al.fhs.no\/en\/programs\/elective-course\/","title":{"rendered":"Elective course"},"content":{"rendered":"\n<div class=\"et_pb_section_0 et_pb_section et_section_regular et_block_section preset--module--divi-section--e68aa8c9-06e1-48cb-b82b-29ec720aed4c\"><div class=\"et_pb_row_0 et_pb_row et_block_row preset--module--divi-row--5138c454-be54-4233-bd3b-f8e6a8747976\"><div class=\"et_pb_column_0 et_pb_column et_pb_column_1_2 et_block_column et_pb_css_mix_blend_mode_passthrough preset--module--divi-column--73121f80-a3ef-4484-8763-c3f18e3c56d2\"><div class=\"et_pb_heading_0 et_pb_heading et_pb_module et_block_module preset--module--divi-heading--f0c675ea-2574-4d0e-b725-30f8550a8550\"><div class=\"et_pb_heading_container\"><h4 class=\"et_pb_module_header\">Explore your elective options<\/h4><\/div><\/div><div class=\"et_pb_heading_1 et_pb_heading et_pb_module et_block_module preset--module--divi-heading--ddeb8c09-9078-4424-bc15-2efb6572e28e\"><div class=\"et_pb_heading_container\"><h1 class=\"et_pb_module_header\">Overview of Elective Subjects at \u00c5l Folk High School<\/h1><\/div><\/div><div class=\"et_pb_text_0 et_pb_text et_pb_bg_layout_light et_pb_module et_block_module preset--module--divi-text--default\"><div class=\"et_pb_text_inner\"><p>At our school, you have the opportunity to choose from a variety of engaging electives. The offer varies every year - we adapt it according to what the students are interested in and which teachers are at the school.<\/p>\n<\/div><\/div><\/div><div class=\"et_pb_column_1 et_pb_column et_pb_column_1_2 et-last-child et_block_column et_pb_column_empty et_pb_css_mix_blend_mode_passthrough preset--module--divi-column--73121f80-a3ef-4484-8763-c3f18e3c56d2\"><\/div><\/div><\/div><div class=\"et_pb_section_1 et_pb_section et_section_regular et_block_section preset--module--divi-section--default\"><div class=\"et_pb_row_1 et_pb_row et_block_row preset--module--divi-row--5138c454-be54-4233-bd3b-f8e6a8747976\"><div class=\"et_pb_column_2 et_pb_column et_pb_column_4_4 et-last-child et_block_column et_pb_css_mix_blend_mode_passthrough preset--module--divi-column--73121f80-a3ef-4484-8763-c3f18e3c56d2\"><div class=\"et_pb_heading_2 et_pb_heading et_pb_module et_block_module preset--module--divi-heading--default\"><div class=\"et_pb_heading_container\"><h2 class=\"et_pb_module_header\">Elective Offerings<\/h2><\/div><\/div><\/div><\/div><div class=\"et_pb_row_2 et_pb_row et-vb-row--no-module et_block_row\"><div class=\"et_pb_column_3 et_pb_column et_pb_column_1_3 et_block_column et_pb_column_empty et_pb_css_mix_blend_mode_passthrough preset--module--divi-column--default\"><\/div><div class=\"et_pb_column_4 et_pb_column et_pb_column_1_3 et_block_column et_pb_column_empty et_pb_css_mix_blend_mode_passthrough preset--module--divi-column--default\"><\/div><div class=\"et_pb_column_5 et_pb_column et_pb_column_1_3 et-last-child et_block_column et_pb_column_empty et_pb_css_mix_blend_mode_passthrough preset--module--divi-column--default\"><\/div><\/div><div class=\"et_pb_row_3 et_pb_row et-vb-row--no-module et_block_row\"><div class=\"et_pb_column_6 et_pb_column et_pb_column_1_3 et_block_column et_pb_column_empty et_pb_css_mix_blend_mode_passthrough preset--module--divi-column--default\"><\/div><div class=\"et_pb_column_7 et_pb_column et_pb_column_1_3 et_block_column et_pb_column_empty et_pb_css_mix_blend_mode_passthrough preset--module--divi-column--default\"><\/div><div class=\"et_pb_column_8 et_pb_column et_pb_column_1_3 et-last-child et_block_column et_pb_column_empty et_pb_css_mix_blend_mode_passthrough preset--module--divi-column--default\"><\/div><\/div><div class=\"et_pb_row_4 et_pb_row et-vb-row--no-module et_block_row\"><div class=\"et_pb_column_9 et_pb_column et_pb_column_1_3 et_block_column et_pb_column_empty et_pb_css_mix_blend_mode_passthrough preset--module--divi-column--default\"><\/div><div class=\"et_pb_column_10 et_pb_column et_pb_column_1_3 et_block_column et_pb_column_empty et_pb_css_mix_blend_mode_passthrough preset--module--divi-column--default\"><\/div><div class=\"et_pb_column_11 et_pb_column et_pb_column_1_3 et-last-child et_block_column et_pb_column_empty et_pb_css_mix_blend_mode_passthrough preset--module--divi-column--default\"><\/div><\/div><div class=\"et_pb_row_5 et_pb_row et-vb-row--no-module et_block_row\"><div class=\"et_pb_column_12 et_pb_column et_pb_column_1_3 et_block_column et_pb_column_empty et_pb_css_mix_blend_mode_passthrough preset--module--divi-column--default\"><\/div><div class=\"et_pb_column_13 et_pb_column et_pb_column_1_3 et_block_column et_pb_column_empty et_pb_css_mix_blend_mode_passthrough preset--module--divi-column--default\"><\/div><div class=\"et_pb_column_14 et_pb_column et_pb_column_1_3 et-last-child et_block_column et_pb_column_empty et_pb_css_mix_blend_mode_passthrough preset--module--divi-column--default\"><\/div><\/div><div class=\"et_pb_row_6 et_pb_row et-vb-row--no-module et_block_row\"><div class=\"et_pb_column_15 et_pb_column et_pb_column_1_3 et_block_column et_pb_column_empty et_pb_css_mix_blend_mode_passthrough preset--module--divi-column--default\"><\/div><div class=\"et_pb_column_16 et_pb_column et_pb_column_1_3 et_block_column et_pb_column_empty et_pb_css_mix_blend_mode_passthrough preset--module--divi-column--default\"><\/div><div class=\"et_pb_column_17 et_pb_column et_pb_column_1_3 et-last-child et_block_column et_pb_column_empty et_pb_css_mix_blend_mode_passthrough preset--module--divi-column--default\"><\/div><\/div><div class=\"et_pb_row_7 et_pb_row et-vb-row--no-module et_block_row\"><div class=\"et_pb_column_18 et_pb_column et_pb_column_1_3 et_block_column et_pb_column_empty et_pb_css_mix_blend_mode_passthrough preset--module--divi-column--default\"><\/div><div class=\"et_pb_column_19 et_pb_column et_pb_column_1_3 et_block_column et_pb_column_empty et_pb_css_mix_blend_mode_passthrough preset--module--divi-column--default\"><\/div><div class=\"et_pb_column_20 et_pb_column et_pb_column_1_3 et-last-child et_block_column et_pb_column_empty et_pb_css_mix_blend_mode_passthrough preset--module--divi-column--default\"><\/div><\/div><\/div><div class=\"et_pb_section_2 et_pb_section et_section_regular et_block_section preset--module--divi-section--default\"><\/div><div class=\"et_pb_section_3 et_pb_section et_section_regular et_block_section preset--module--divi-section--default\"><div class=\"et_pb_row_8 et_pb_row et_block_row preset--module--divi-row--5138c454-be54-4233-bd3b-f8e6a8747976\"><div class=\"et_pb_column_21 et_pb_column et_pb_column_2_3 et_block_column et_pb_css_mix_blend_mode_passthrough preset--module--divi-column--73121f80-a3ef-4484-8763-c3f18e3c56d2\"><div class=\"et_pb_heading_3 et_pb_heading et_pb_module et_block_module preset--module--divi-heading--ba4a6336-701f-47b8-bf5c-09da0ce28016\"><div class=\"et_pb_heading_container\"><h3 class=\"et_pb_module_header\">Explore Our Exciting Electives!<\/h3><\/div><\/div><\/div><div class=\"et_pb_column_22 et_pb_column et_pb_column_1_3 et-last-child et_block_column et_pb_css_mix_blend_mode_passthrough preset--module--divi-column--73121f80-a3ef-4484-8763-c3f18e3c56d2\"><div class=\"et_pb_module et_pb_button_module_wrapper et_pb_button_0_wrapper preset--module--divi-button--ab15fb74-61a3-43aa-96b3-41e09aeef654_wrapper\"><a class=\"et_pb_button_0 et_pb_button et_pb_bg_layout_light et_pb_module et_block_module preset--module--divi-button--ab15fb74-61a3-43aa-96b3-41e09aeef654\" href=\"\">Sign Up Now<\/a><\/div><\/div><\/div><\/div>\n","protected":false},"excerpt":{"rendered":"","protected":false},"author":1,"featured_media":253860,"parent":255001,"menu_order":0,"comment_status":"closed","ping_status":"closed","template":"","meta":{"om_disable_all_campaigns":false,"_monsterinsights_skip_tracking":false,"_monsterinsights_sitenote_active":false,"_monsterinsights_sitenote_note":"","_monsterinsights_sitenote_category":0,"_uf_show_specific_survey":0,"_uf_disable_surveys":false,"_et_pb_use_builder":"on","_et_pb_old_content":"","_et_gb_content_width":"","footnotes":""},"difl_page_category":[],"class_list":["post-255088","page","type-page","status-publish","has-post-thumbnail","hentry"],"aioseo_notices":[],"aioseo_head":"\n\t\t<!-- All in One SEO Pro 4.9.6.2 - aioseo.com -->\n\t<meta name=\"description\" content=\"\u00c5l Folk High School offers varied and exciting electives! The selection changes annually, adapted to the students&#039; interests and the teachers&#039; expertise for an inspiring school year.\" \/>\n\t<meta name=\"robots\" content=\"noindex, nofollow, max-image-preview:large\" \/>\n\t<meta name=\"msvalidate.01\" content=\"CFE5C3BDE8045D408E05253F255B563D\" \/>\n\t<meta name=\"p:domain_verify\" content=\"875ca38e2a2ff99a485dd32d8146d437\" \/>\n\t<link rel=\"canonical\" href=\"https:\/\/div52.al.fhs.no\/en\/programs\/elective-course\/\" \/>\n\t<meta name=\"generator\" content=\"All in One SEO Pro (AIOSEO) 4.9.6.2\" \/>\n\t\t<meta property=\"og:locale\" content=\"en_US\" \/>\n\t\t<meta property=\"og:site_name\" content=\"\u00c5l Folkeh\u00f8yskole for d\u00f8ve - \u00c5l Folkeh\u00f8yskole\" \/>\n\t\t<meta property=\"og:type\" content=\"article\" \/>\n\t\t<meta property=\"og:title\" content=\"Elective course - Tegnspr\u00e5k - \u00c5l Folkeh\u00f8yskole for d\u00f8ve\" \/>\n\t\t<meta property=\"og:description\" content=\"\u00c5l Folk High School offers varied and exciting electives! The selection changes annually, adapted to the students&#039; interests and the teachers&#039; expertise for an inspiring school year.\" \/>\n\t\t<meta property=\"og:url\" content=\"https:\/\/div52.al.fhs.no\/en\/programs\/elective-course\/\" \/>\n\t\t<meta property=\"og:image\" content=\"https:\/\/div52.al.fhs.no\/wp-content\/uploads\/2025\/02\/panorama-of-lysefjord-norway-2025-01-03-17-02-05-utc.jpg\" \/>\n\t\t<meta property=\"og:image:secure_url\" content=\"https:\/\/div52.al.fhs.no\/wp-content\/uploads\/2025\/02\/panorama-of-lysefjord-norway-2025-01-03-17-02-05-utc.jpg\" \/>\n\t\t<meta property=\"og:image:width\" content=\"500\" \/>\n\t\t<meta property=\"og:image:height\" content=\"334\" \/>\n\t\t<meta property=\"article:published_time\" content=\"2024-10-02T22:05:46+00:00\" \/>\n\t\t<meta property=\"article:modified_time\" content=\"2026-04-19T16:36:46+00:00\" \/>\n\t\t<meta property=\"article:publisher\" content=\"https:\/\/www.facebook.com\/aalfhs\" \/>\n\t\t<meta name=\"twitter:card\" content=\"summary_large_image\" \/>\n\t\t<meta name=\"twitter:title\" content=\"Elective course - Tegnspr\u00e5k - \u00c5l Folkeh\u00f8yskole for d\u00f8ve\" \/>\n\t\t<meta name=\"twitter:description\" content=\"\u00c5l Folk High School offers varied and exciting electives! The selection changes annually, adapted to the students&#039; interests and the teachers&#039; expertise for an inspiring school year.\" \/>\n\t\t<meta name=\"twitter:image\" content=\"https:\/\/div52.al.fhs.no\/wp-content\/uploads\/2025\/02\/panorama-of-lysefjord-norway-2025-01-03-17-02-05-utc.jpg\" \/>\n\t\t<script type=\"application\/ld+json\" class=\"aioseo-schema\">\n\t\t\t{\"@context\":\"https:\\\/\\\/schema.org\",\"@graph\":[{\"@type\":\"BreadcrumbList\",\"@id\":\"https:\\\/\\\/div52.al.fhs.no\\\/en\\\/programs\\\/elective-course\\\/#breadcrumblist\",\"itemListElement\":[{\"@type\":\"ListItem\",\"@id\":\"https:\\\/\\\/div52.al.fhs.no\\\/en\\\/#listItem\",\"position\":1,\"name\":\"Home\",\"item\":\"https:\\\/\\\/div52.al.fhs.no\\\/en\\\/\",\"nextItem\":{\"@type\":\"ListItem\",\"@id\":\"https:\\\/\\\/div52.al.fhs.no\\\/en\\\/programs\\\/#listItem\",\"name\":\"Programs\"}},{\"@type\":\"ListItem\",\"@id\":\"https:\\\/\\\/div52.al.fhs.no\\\/en\\\/programs\\\/#listItem\",\"position\":2,\"name\":\"Programs\",\"item\":\"https:\\\/\\\/div52.al.fhs.no\\\/en\\\/programs\\\/\",\"nextItem\":{\"@type\":\"ListItem\",\"@id\":\"https:\\\/\\\/div52.al.fhs.no\\\/en\\\/programs\\\/elective-course\\\/#listItem\",\"name\":\"Elective course\"},\"previousItem\":{\"@type\":\"ListItem\",\"@id\":\"https:\\\/\\\/div52.al.fhs.no\\\/en\\\/#listItem\",\"name\":\"Home\"}},{\"@type\":\"ListItem\",\"@id\":\"https:\\\/\\\/div52.al.fhs.no\\\/en\\\/programs\\\/elective-course\\\/#listItem\",\"position\":3,\"name\":\"Elective course\",\"previousItem\":{\"@type\":\"ListItem\",\"@id\":\"https:\\\/\\\/div52.al.fhs.no\\\/en\\\/programs\\\/#listItem\",\"name\":\"Programs\"}}]},{\"@type\":\"Organization\",\"@id\":\"https:\\\/\\\/div52.al.fhs.no\\\/en\\\/#organization\",\"name\":\"\\u00c5l Folkeh\\u00f8gskole for d\\u00f8ve\",\"description\":\"Siden 1974 har \\u00c5l Folkeh\\u00f8gskole v\\u00e6rt Norges ledende folkeh\\u00f8gskole for norsk tegnspr\\u00e5k, tegnspr\\u00e5koppl\\u00e6ring og d\\u00f8vekultur. Vi tilbyr tegnspr\\u00e5kkurs, temauker og l\\u00e6ringsopphold for barn, ungdom og voksne \\u2013 b\\u00e5de d\\u00f8ve og h\\u00f8rende \\u2013 i et unikt og levende tegnspr\\u00e5kmilj\\u00f8 p\\u00e5 \\u00c5l i Hallingdal. Som nasjonalt kompetansemilj\\u00f8 arbeider vi for tilgjengelighet, inkludering og styrking av norsk tegnspr\\u00e5k som nasjonalt minoritetsspr\\u00e5k\",\"url\":\"https:\\\/\\\/div52.al.fhs.no\\\/en\\\/\",\"email\":\"post@al.fhs.no\",\"telephone\":\"+4732082600\",\"foundingDate\":\"1974-05-16\",\"numberOfEmployees\":{\"@type\":\"QuantitativeValue\",\"minValue\":30,\"maxValue\":40},\"logo\":{\"@type\":\"ImageObject\",\"url\":\"https:\\\/\\\/div52.al.fhs.no\\\/wp-content\\\/uploads\\\/2025\\\/02\\\/logo_alfhs_175.png\",\"@id\":\"https:\\\/\\\/div52.al.fhs.no\\\/en\\\/programs\\\/elective-course\\\/#organizationLogo\",\"width\":150,\"height\":80},\"image\":{\"@id\":\"https:\\\/\\\/div52.al.fhs.no\\\/en\\\/programs\\\/elective-course\\\/#organizationLogo\"},\"sameAs\":[\"https:\\\/\\\/www.facebook.com\\\/aalfhs\",\"https:\\\/\\\/www.instagram.com\\\/aalfhs\\\/\"],\"address\":{\"@id\":\"https:\\\/\\\/div52.al.fhs.no\\\/en\\\/#postaladdress\",\"@type\":\"PostalAddress\",\"streetAddress\":\"Bakketeigen 51,\",\"postalCode\":\"3570\",\"addressLocality\":\"\\u00c5l\",\"addressRegion\":\"Buskerud\",\"addressCountry\":\"NO\"}},{\"@type\":\"WebPage\",\"@id\":\"https:\\\/\\\/div52.al.fhs.no\\\/en\\\/programs\\\/elective-course\\\/#webpage\",\"url\":\"https:\\\/\\\/div52.al.fhs.no\\\/en\\\/programs\\\/elective-course\\\/\",\"name\":\"Elective course - Tegnspr\\u00e5k - \\u00c5l Folkeh\\u00f8yskole for d\\u00f8ve\",\"description\":\"\\u00c5l Folk High School offers varied and exciting electives! The selection changes annually, adapted to the students' interests and the teachers' expertise for an inspiring school year.\",\"inLanguage\":\"en-US\",\"isPartOf\":{\"@id\":\"https:\\\/\\\/div52.al.fhs.no\\\/en\\\/#website\"},\"breadcrumb\":{\"@id\":\"https:\\\/\\\/div52.al.fhs.no\\\/en\\\/programs\\\/elective-course\\\/#breadcrumblist\"},\"image\":{\"@type\":\"ImageObject\",\"url\":\"https:\\\/\\\/div52.al.fhs.no\\\/wp-content\\\/uploads\\\/2025\\\/02\\\/panorama-of-lysefjord-norway-2025-01-03-17-02-05-utc.jpg\",\"@id\":\"https:\\\/\\\/div52.al.fhs.no\\\/en\\\/programs\\\/elective-course\\\/#mainImage\",\"width\":500,\"height\":334},\"primaryImageOfPage\":{\"@id\":\"https:\\\/\\\/div52.al.fhs.no\\\/en\\\/programs\\\/elective-course\\\/#mainImage\"},\"datePublished\":\"2024-10-02T23:05:46+01:00\",\"dateModified\":\"2026-04-19T17:36:46+01:00\"},{\"@type\":\"WebSite\",\"@id\":\"https:\\\/\\\/div52.al.fhs.no\\\/en\\\/#website\",\"url\":\"https:\\\/\\\/div52.al.fhs.no\\\/en\\\/\",\"name\":\"\\u00c5l Folkeh\\u00f8yskole for d\\u00f8ve\",\"alternateName\":\"\\u00c5l FHS\",\"description\":\"\\u00c5l Folkeh\\u00f8yskole\",\"inLanguage\":\"en-US\",\"publisher\":{\"@id\":\"https:\\\/\\\/div52.al.fhs.no\\\/en\\\/#organization\"}}]}\n\t\t<\/script>\n\t\t<script type=\"text\/javascript\">\n\t\t\t(function(c,l,a,r,i,t,y){\n\t\t\tc[a]=c[a]||function(){(c[a].q=c[a].q||[]).push(arguments)};t=l.createElement(r);t.async=1;\n\t\t\tt.src=\"https:\/\/www.clarity.ms\/tag\/\"+i+\"?ref=aioseo\";y=l.getElementsByTagName(r)[0];y.parentNode.insertBefore(t,y);\n\t\t})(window, document, \"clarity\", \"script\", \"rvbykivuv5\");\n\t\t<\/script>\n\t\t<!-- All in One SEO Pro -->\r\n\t\t<title>Elective course - Tegnspr\u00e5k - \u00c5l Folkeh\u00f8yskole for d\u00f8ve<\/title>\n\n","aioseo_head_json":{"title":"Elective course - Tegnspr\u00e5k - \u00c5l Folkeh\u00f8yskole for d\u00f8ve","description":"\u00c5l Folk High School offers varied and exciting electives! The selection changes annually, adapted to the students' interests and the teachers' expertise for an inspiring school year.","canonical_url":"https:\/\/div52.al.fhs.no\/en\/programs\/elective-course\/","robots":"noindex, nofollow, max-image-preview:large","keywords":"","webmasterTools":{"msvalidate.01":"CFE5C3BDE8045D408E05253F255B563D","p:domain_verify":"875ca38e2a2ff99a485dd32d8146d437","miscellaneous":""},"schema":{"@context":"https:\/\/schema.org","@graph":[{"@type":"BreadcrumbList","@id":"https:\/\/div52.al.fhs.no\/en\/programs\/elective-course\/#breadcrumblist","itemListElement":[{"@type":"ListItem","@id":"https:\/\/div52.al.fhs.no\/en\/#listItem","position":1,"name":"Home","item":"https:\/\/div52.al.fhs.no\/en\/","nextItem":{"@type":"ListItem","@id":"https:\/\/div52.al.fhs.no\/en\/programs\/#listItem","name":"Programs"}},{"@type":"ListItem","@id":"https:\/\/div52.al.fhs.no\/en\/programs\/#listItem","position":2,"name":"Programs","item":"https:\/\/div52.al.fhs.no\/en\/programs\/","nextItem":{"@type":"ListItem","@id":"https:\/\/div52.al.fhs.no\/en\/programs\/elective-course\/#listItem","name":"Elective course"},"previousItem":{"@type":"ListItem","@id":"https:\/\/div52.al.fhs.no\/en\/#listItem","name":"Home"}},{"@type":"ListItem","@id":"https:\/\/div52.al.fhs.no\/en\/programs\/elective-course\/#listItem","position":3,"name":"Elective course","previousItem":{"@type":"ListItem","@id":"https:\/\/div52.al.fhs.no\/en\/programs\/#listItem","name":"Programs"}}]},{"@type":"Organization","@id":"https:\/\/div52.al.fhs.no\/en\/#organization","name":"\u00c5l Folkeh\u00f8gskole for d\u00f8ve","description":"Siden 1974 har \u00c5l Folkeh\u00f8gskole v\u00e6rt Norges ledende folkeh\u00f8gskole for norsk tegnspr\u00e5k, tegnspr\u00e5koppl\u00e6ring og d\u00f8vekultur. Vi tilbyr tegnspr\u00e5kkurs, temauker og l\u00e6ringsopphold for barn, ungdom og voksne \u2013 b\u00e5de d\u00f8ve og h\u00f8rende \u2013 i et unikt og levende tegnspr\u00e5kmilj\u00f8 p\u00e5 \u00c5l i Hallingdal. Som nasjonalt kompetansemilj\u00f8 arbeider vi for tilgjengelighet, inkludering og styrking av norsk tegnspr\u00e5k som nasjonalt minoritetsspr\u00e5k","url":"https:\/\/div52.al.fhs.no\/en\/","email":"post@al.fhs.no","telephone":"+4732082600","foundingDate":"1974-05-16","numberOfEmployees":{"@type":"QuantitativeValue","minValue":30,"maxValue":40},"logo":{"@type":"ImageObject","url":"https:\/\/div52.al.fhs.no\/wp-content\/uploads\/2025\/02\/logo_alfhs_175.png","@id":"https:\/\/div52.al.fhs.no\/en\/programs\/elective-course\/#organizationLogo","width":150,"height":80},"image":{"@id":"https:\/\/div52.al.fhs.no\/en\/programs\/elective-course\/#organizationLogo"},"sameAs":["https:\/\/www.facebook.com\/aalfhs","https:\/\/www.instagram.com\/aalfhs\/"],"address":{"@id":"https:\/\/div52.al.fhs.no\/en\/#postaladdress","@type":"PostalAddress","streetAddress":"Bakketeigen 51,","postalCode":"3570","addressLocality":"\u00c5l","addressRegion":"Buskerud","addressCountry":"NO"}},{"@type":"WebPage","@id":"https:\/\/div52.al.fhs.no\/en\/programs\/elective-course\/#webpage","url":"https:\/\/div52.al.fhs.no\/en\/programs\/elective-course\/","name":"Elective course - Tegnspr\u00e5k - \u00c5l Folkeh\u00f8yskole for d\u00f8ve","description":"\u00c5l Folk High School offers varied and exciting electives! The selection changes annually, adapted to the students' interests and the teachers' expertise for an inspiring school year.","inLanguage":"en-US","isPartOf":{"@id":"https:\/\/div52.al.fhs.no\/en\/#website"},"breadcrumb":{"@id":"https:\/\/div52.al.fhs.no\/en\/programs\/elective-course\/#breadcrumblist"},"image":{"@type":"ImageObject","url":"https:\/\/div52.al.fhs.no\/wp-content\/uploads\/2025\/02\/panorama-of-lysefjord-norway-2025-01-03-17-02-05-utc.jpg","@id":"https:\/\/div52.al.fhs.no\/en\/programs\/elective-course\/#mainImage","width":500,"height":334},"primaryImageOfPage":{"@id":"https:\/\/div52.al.fhs.no\/en\/programs\/elective-course\/#mainImage"},"datePublished":"2024-10-02T23:05:46+01:00","dateModified":"2026-04-19T17:36:46+01:00"},{"@type":"WebSite","@id":"https:\/\/div52.al.fhs.no\/en\/#website","url":"https:\/\/div52.al.fhs.no\/en\/","name":"\u00c5l Folkeh\u00f8yskole for d\u00f8ve","alternateName":"\u00c5l FHS","description":"\u00c5l Folkeh\u00f8yskole","inLanguage":"en-US","publisher":{"@id":"https:\/\/div52.al.fhs.no\/en\/#organization"}}]},"og:locale":"en_US","og:site_name":"\u00c5l Folkeh\u00f8yskole for d\u00f8ve - \u00c5l Folkeh\u00f8yskole","og:type":"article","og:title":"Elective course - Tegnspr\u00e5k - \u00c5l Folkeh\u00f8yskole for d\u00f8ve","og:description":"\u00c5l Folk High School offers varied and exciting electives! The selection changes annually, adapted to the students' interests and the teachers' expertise for an inspiring school year.","og:url":"https:\/\/div52.al.fhs.no\/en\/programs\/elective-course\/","og:image":"https:\/\/div52.al.fhs.no\/wp-content\/uploads\/2025\/02\/panorama-of-lysefjord-norway-2025-01-03-17-02-05-utc.jpg","og:image:secure_url":"https:\/\/div52.al.fhs.no\/wp-content\/uploads\/2025\/02\/panorama-of-lysefjord-norway-2025-01-03-17-02-05-utc.jpg","og:image:width":500,"og:image:height":334,"article:published_time":"2024-10-02T22:05:46+00:00","article:modified_time":"2026-04-19T16:36:46+00:00","article:publisher":"https:\/\/www.facebook.com\/aalfhs","twitter:card":"summary_large_image","twitter:title":"Elective course - Tegnspr\u00e5k - \u00c5l Folkeh\u00f8yskole for d\u00f8ve","twitter:description":"\u00c5l Folk High School offers varied and exciting electives! The selection changes annually, adapted to the students' interests and the teachers' expertise for an inspiring school year.","twitter:image":"https:\/\/div52.al.fhs.no\/wp-content\/uploads\/2025\/02\/panorama-of-lysefjord-norway-2025-01-03-17-02-05-utc.jpg"},"aioseo_meta_data":{"post_id":"255088","title":null,"description":"\u00c5l Folk High School offers varied and exciting electives! The selection changes annually, adapted to the students' interests and the teachers' expertise for an inspiring school year.","keywords":null,"keyphrases":{"focus":{"keyphrase":"","score":0,"analysis":{"keyphraseInTitle":{"score":0,"maxScore":9,"error":1}}},"additional":[]},"primary_term":null,"canonical_url":null,"og_title":null,"og_description":null,"og_object_type":"default","og_image_type":"default","og_image_url":null,"og_image_width":null,"og_image_height":null,"og_image_custom_url":null,"og_image_custom_fields":null,"og_video":"","og_custom_url":null,"og_article_section":null,"og_article_tags":null,"twitter_use_og":false,"twitter_card":"default","twitter_image_type":"default","twitter_image_url":null,"twitter_image_custom_url":null,"twitter_image_custom_fields":null,"twitter_title":null,"twitter_description":null,"schema":{"blockGraphs":[],"customGraphs":[],"default":{"data":{"Article":[],"Course":[],"Dataset":[],"FAQPage":[],"Movie":[],"Person":[],"Product":[],"ProductReview":[],"Car":[],"Recipe":[],"Service":[],"SoftwareApplication":[],"WebPage":[]},"graphName":"WebPage","isEnabled":true},"graphs":[]},"schema_type":"default","schema_type_options":null,"pillar_content":false,"robots_default":true,"robots_noindex":false,"robots_noarchive":false,"robots_nosnippet":false,"robots_nofollow":false,"robots_noimageindex":false,"robots_noodp":false,"robots_notranslate":false,"robots_max_snippet":"-1","robots_max_videopreview":"-1","robots_max_imagepreview":"large","priority":null,"frequency":"default","local_seo":null,"seo_analyzer_scan_date":"2025-08-15 04:03:38","breadcrumb_settings":null,"limit_modified_date":false,"reviewed_by":null,"open_ai":null,"ai":null,"created":"2025-06-07 20:13:27","updated":"2026-04-19 17:26:45"},"aioseo_breadcrumb":"<div class=\"aioseo-breadcrumbs\"><span class=\"aioseo-breadcrumb\">\n\t<a href=\"https:\/\/div52.al.fhs.no\/en\/\" title=\"Home\">Home<\/a>\n<\/span><span class=\"aioseo-breadcrumb-separator\">\u00bb<\/span><span class=\"aioseo-breadcrumb\">\n\t<a href=\"https:\/\/div52.al.fhs.no\/en\/programs\/\" title=\"Programs\">Programs<\/a>\n<\/span><span class=\"aioseo-breadcrumb-separator\">\u00bb<\/span><span class=\"aioseo-breadcrumb\">\n\tElective course\n<\/span><\/div>","aioseo_breadcrumb_json":[{"label":"Home","link":"https:\/\/div52.al.fhs.no\/en\/"},{"label":"Programs","link":"https:\/\/div52.al.fhs.no\/en\/programs\/"},{"label":"Elective course","link":"https:\/\/div52.al.fhs.no\/en\/programs\/elective-course\/"}],"_links":{"self":[{"href":"https:\/\/div52.al.fhs.no\/en\/wp-json\/wp\/v2\/pages\/255088","targetHints":{"allow":["GET"]}}],"collection":[{"href":"https:\/\/div52.al.fhs.no\/en\/wp-json\/wp\/v2\/pages"}],"about":[{"href":"https:\/\/div52.al.fhs.no\/en\/wp-json\/wp\/v2\/types\/page"}],"author":[{"embeddable":true,"href":"https:\/\/div52.al.fhs.no\/en\/wp-json\/wp\/v2\/users\/1"}],"replies":[{"embeddable":true,"href":"https:\/\/div52.al.fhs.no\/en\/wp-json\/wp\/v2\/comments?post=255088"}],"version-history":[{"count":0,"href":"https:\/\/div52.al.fhs.no\/en\/wp-json\/wp\/v2\/pages\/255088\/revisions"}],"up":[{"embeddable":true,"href":"https:\/\/div52.al.fhs.no\/en\/wp-json\/wp\/v2\/pages\/255001"}],"wp:featuredmedia":[{"embeddable":true,"href":"https:\/\/div52.al.fhs.no\/en\/wp-json\/wp\/v2\/media\/253860"}],"wp:attachment":[{"href":"https:\/\/div52.al.fhs.no\/en\/wp-json\/wp\/v2\/media?parent=255088"}],"wp:term":[{"taxonomy":"difl_page_category","embeddable":true,"href":"https:\/\/div52.al.fhs.no\/en\/wp-json\/wp\/v2\/difl_page_category?post=255088"}],"curies":[{"name":"wp","href":"https:\/\/api.w.org\/{rel}","templated":true}]}}