{"id":255032,"date":"2024-10-03T14:50:52","date_gmt":"2024-10-03T13:50:52","guid":{"rendered":"https:\/\/al.fhs.no\/about-us\/"},"modified":"2026-04-19T17:36:47","modified_gmt":"2026-04-19T16:36:47","slug":"about-us","status":"publish","type":"page","link":"https:\/\/div52.al.fhs.no\/en\/about-us\/","title":{"rendered":"About us"},"content":{"rendered":"\n<div class=\"et_pb_section_0 et_pb_section et_section_regular et_block_section preset--module--divi-section--e68aa8c9-06e1-48cb-b82b-29ec720aed4c\"><div class=\"et_pb_row_0 et_pb_row et_block_row preset--module--divi-row--5138c454-be54-4233-bd3b-f8e6a8747976\"><div class=\"et_pb_column_0 et_pb_column et_pb_column_1_2 et_block_column et_pb_css_mix_blend_mode_passthrough preset--module--divi-column--73121f80-a3ef-4484-8763-c3f18e3c56d2\"><div class=\"et_pb_heading_0 et_pb_heading et_pb_module et_block_module preset--module--divi-heading--ddeb8c09-9078-4424-bc15-2efb6572e28e\"><div class=\"et_pb_heading_container\"><h1 class=\"et_pb_module_header\">The folk high school for Deaf people<\/h1><\/div><\/div><div class=\"et_pb_text_0 et_pb_text et_pb_bg_layout_light et_pb_module et_block_module preset--module--divi-text--default\"><div class=\"et_pb_text_inner\"><p><span>Are you dreaming of a year completely out of the ordinary? \u00c5l Folkeh\u00f8gskole is Norway\u2019s only folk high school where all teaching takes place in sign language. Or maybe you just want new friends and enjoy being with others? With us, you will experience togetherness, personal growth, and gain a new understanding of diversity and inclusion. <\/span><\/p>\n<\/div><\/div><\/div><div class=\"et_pb_column_1 et_pb_column et_pb_column_1_2 et-last-child et_block_column et_pb_column_empty et_pb_css_mix_blend_mode_passthrough preset--module--divi-column--73121f80-a3ef-4484-8763-c3f18e3c56d2\"><\/div><\/div><\/div><div class=\"et_pb_section_1 et_pb_section et_section_regular et_block_section preset--module--divi-section--default\"><div class=\"et_pb_row_1 et_pb_row et_block_row\"><div class=\"et_pb_column_2 et_pb_column et_pb_column_4_4 et-last-child et_block_column et_pb_css_mix_blend_mode_passthrough preset--module--divi-column--default\"><div class=\"et_pb_text_1 et_pb_text et_pb_bg_layout_light et_pb_module et_block_module preset--module--divi-text--default\"><div class=\"et_pb_text_inner\"><h3>\u00c5l folkeh\u00f8gskole er en tegnspr\u00e5kskole hvor vi fokuserer p\u00e5 samhold, l\u00e6ring, og morsomme aktiviteter hele \u00e5ret!<\/h3>\n<p>An open and inclusive school environment where each student is seen.<\/p>\n<p>\u00c5l Folkeh\u00f8gskole is a sign language school where everything happens in sign language.<\/p>\n<p>Our goal is for you to succeed in further education and in working life.<\/p>\n<p>We focus on high quality in education. That means we have high expectations for our students.<\/p>\n<p>Engasjerte og dyktige l\u00e6rere som ser deg og gj\u00f8r deg utrustet til \u00e5 m\u00f8te disse kravene.<\/p>\n<p>We aim to be generous and kind people with the confidence to lift each other up.<\/p>\n<p>You will gain unique experiences and memories, and friendships across languages and cultures.<\/p>\n<p>You will gain unique experiences and create friendships across languages and cultures.<\/p>\n<\/div><\/div><\/div><\/div><\/div><div class=\"et_pb_section_2 et_pb_section et_section_regular et_block_section preset--module--divi-section--default\"><div class=\"et_pb_row_2 et_pb_row et_block_row\"><div class=\"et_pb_column_3 et_pb_column et_pb_column_1_3 et_block_column et_pb_css_mix_blend_mode_passthrough preset--module--divi-column--default\"><div class=\"et_pb_heading_1 et_pb_heading et_pb_module et_block_module preset--module--divi-heading--default\"><div class=\"et_pb_heading_container\"><h2 class=\"et_pb_module_header\">About us<\/h2><\/div><\/div><\/div><div class=\"et_pb_column_4 et_pb_column et_pb_column_2_3 et-last-child et_block_column et_pb_css_mix_blend_mode_passthrough preset--module--divi-column--default\"><div class=\"et_pb_text_2 et_pb_text et_pb_bg_layout_light et_pb_module et_block_module preset--module--divi-text--default\"><div class=\"et_pb_text_inner\"><p><span data-olk-copy-source=\"MessageBody\">\u00c5l Folkeh\u00f8gskole \u2014 a unique community for everyone. <\/span><\/p>\n<p><span data-olk-copy-source=\"MessageBody\">We are an open and inclusive sign language school offering education to deaf, hard of hearing, and hearing student <\/span><\/p>\n<p><span data-olk-copy-source=\"MessageBody\">The school was established in March 1974 and is the only folk high school in Norway where sign language is the main language used in teaching and everyday life. <\/span><\/p>\n<p><span data-olk-copy-source=\"MessageBody\">\u00c5l Folkeh\u00f8gskole is a foundation established by the Norwegian Association of the Deaf. <\/span><\/p>\n<\/div><\/div><\/div><\/div><\/div><div class=\"et_pb_section_3 et_pb_section et_section_regular et_block_section preset--module--divi-section--default\"><div class=\"et_pb_row_3 et_pb_row et-vb-row--no-module et_block_row\"><div class=\"et_pb_column_5 et_pb_column et_pb_column_1_2 et_block_column et_pb_column_empty et_pb_css_mix_blend_mode_passthrough preset--module--divi-column--default\"><\/div><div class=\"et_pb_column_6 et_pb_column et_pb_column_1_2 et-last-child et_block_column et_pb_column_empty et_pb_css_mix_blend_mode_passthrough preset--module--divi-column--default\"><\/div><\/div><div class=\"et_pb_row_4 et_pb_row et_block_row\"><div class=\"et_pb_column_7 et_pb_column et_pb_column_1_3 et_block_column et_pb_css_mix_blend_mode_passthrough preset--module--divi-column--default\"><div class=\"et_pb_heading_2 et_pb_heading et_pb_module et_block_module preset--module--divi-heading--default\"><div class=\"et_pb_heading_container\"><h2 class=\"et_pb_module_header\">Event rentals<\/h2><\/div><\/div><\/div><div class=\"et_pb_column_8 et_pb_column et_pb_column_2_3 et-last-child et_block_column et_pb_css_mix_blend_mode_passthrough preset--module--divi-column--default\"><div class=\"et_pb_text_3 et_pb_text et_pb_bg_layout_light et_pb_module et_block_module preset--module--divi-text--default\"><div class=\"et_pb_text_inner\"><h4><strong>Are you planning an upcoming camp, event, course, conference or similar gathering?<\/strong><\/h4>\n<p><span> We are pleased to offer rental of our school and its excellent facilities for both small and large groups, with or without accommodation. Between mid-May and mid-August we have excellent opportunities to rent out the entire school or specific areas, and we welcome enquiries all year round. Would you like to arrange a visit or tour? We are more than happy to arrange it for you!<\/span><\/p>\n<p><span data-olk-copy-source=\"MessageBody\">We are an open and inclusive sign language school offering education to deaf, hard of hearing, and hearing student <\/span><\/p>\n<p><span data-olk-copy-source=\"MessageBody\">The school was established in March 1974 and is the only folk high school in Norway where sign language is the main language used in teaching and everyday life. <\/span><\/p>\n<p><span data-olk-copy-source=\"MessageBody\">\u00c5l Folkeh\u00f8gskole is a foundation established by the Norwegian Association of the Deaf. <\/span><\/p>\n<\/div><\/div><\/div><\/div><div class=\"et_pb_row_5 et_pb_row et_block_row\"><div class=\"et_pb_column_9 et_pb_column et_pb_column_2_5 et_block_column et_pb_css_mix_blend_mode_passthrough preset--module--divi-column--default\"><div class=\"et_pb_text_4 et_pb_text et_pb_bg_layout_light et_pb_module et_block_module preset--module--divi-text--default\"><div class=\"et_pb_text_inner\"><p><span>Our dedicated staff consists of experienced teachers, support personnel, and professionals who are committed to creating an inclusive learning environment for all our students. We emphasize individual guidance and support to ensure that each student reaches their full potential.<\/span><\/p>\n<\/div><\/div><\/div><div class=\"et_pb_column_10 et_pb_column et_pb_column_3_5 et-last-child et_block_column et_pb_css_mix_blend_mode_passthrough preset--module--divi-column--default\"><div class=\"et_pb_image_0 et_pb_image et_pb_module et_block_module preset--module--divi-image--default\"><span class=\"et_pb_image_wrap\"><img decoding=\"async\" src=\"https:\/\/div52.al.fhs.no\/wp-content\/uploads\/2025\/05\/symbols-of-employees-on-the-chains-of-hexagons-2025-03-18-18-49-28-utc.jpg\" width=\"1000\" height=\"647\" srcset=\"https:\/\/div52.al.fhs.no\/wp-content\/uploads\/2025\/05\/symbols-of-employees-on-the-chains-of-hexagons-2025-03-18-18-49-28-utc.jpg 1000w, https:\/\/div52.al.fhs.no\/wp-content\/uploads\/2025\/05\/symbols-of-employees-on-the-chains-of-hexagons-2025-03-18-18-49-28-utc-980x634.jpg 980w, https:\/\/div52.al.fhs.no\/wp-content\/uploads\/2025\/05\/symbols-of-employees-on-the-chains-of-hexagons-2025-03-18-18-49-28-utc-480x311.jpg 480w\" sizes=\"(min-width: 0px) and (max-width: 480px) 480px, (min-width: 481px) and (max-width: 980px) 980px, (min-width: 981px) 1000px, 100vw\" class=\"wp-image-254433\" title=\"symbols-of-employees-on-the-chains-of-hexagons-2025-03-18-18-49-28-utc\" \/><\/span><\/div><\/div><\/div><\/div>\n","protected":false},"excerpt":{"rendered":"","protected":false},"author":1,"featured_media":253872,"parent":0,"menu_order":4,"comment_status":"closed","ping_status":"closed","template":"","meta":{"om_disable_all_campaigns":false,"_monsterinsights_skip_tracking":false,"_monsterinsights_sitenote_active":false,"_monsterinsights_sitenote_note":"","_monsterinsights_sitenote_category":0,"_uf_show_specific_survey":0,"_uf_disable_surveys":false,"_et_pb_use_builder":"on","_et_pb_old_content":"","_et_gb_content_width":"","footnotes":""},"difl_page_category":[],"class_list":["post-255032","page","type-page","status-publish","has-post-thumbnail","hentry"],"aioseo_notices":[],"aioseo_head":"\n\t\t<!-- All in One SEO Pro 4.9.6.2 - aioseo.com -->\n\t<meta name=\"description\" content=\"Do you dream of a unique year at folk high school for Deaf? \u00c5l Folkeh\u00f8gskole offers sign language, community, personal development, inclusion, and new friends \u2014 Norway\u2019s only school of its kind!\" \/>\n\t<meta name=\"robots\" content=\"noindex, nofollow, max-image-preview:large\" \/>\n\t<meta name=\"msvalidate.01\" content=\"CFE5C3BDE8045D408E05253F255B563D\" \/>\n\t<meta name=\"p:domain_verify\" content=\"875ca38e2a2ff99a485dd32d8146d437\" \/>\n\t<link rel=\"canonical\" href=\"https:\/\/div52.al.fhs.no\/en\/about-us\/\" \/>\n\t<meta name=\"generator\" content=\"All in One SEO Pro (AIOSEO) 4.9.6.2\" \/>\n\t\t<meta property=\"og:locale\" content=\"en_US\" \/>\n\t\t<meta property=\"og:site_name\" content=\"\u00c5l Folkeh\u00f8yskole for d\u00f8ve - \u00c5l Folkeh\u00f8yskole\" \/>\n\t\t<meta property=\"og:type\" content=\"article\" \/>\n\t\t<meta property=\"og:title\" content=\"About us - Tegnspr\u00e5k - \u00c5l Folkeh\u00f8yskole for d\u00f8ve\" \/>\n\t\t<meta property=\"og:description\" content=\"Do you dream of a unique year at folk high school for Deaf? \u00c5l Folkeh\u00f8gskole offers sign language, community, personal development, inclusion, and new friends \u2014 Norway\u2019s only school of its kind!\" \/>\n\t\t<meta property=\"og:url\" content=\"https:\/\/div52.al.fhs.no\/en\/about-us\/\" \/>\n\t\t<meta property=\"og:image\" content=\"https:\/\/div52.al.fhs.no\/wp-content\/uploads\/2025\/02\/bildet-av-skole.jpg\" \/>\n\t\t<meta property=\"og:image:secure_url\" content=\"https:\/\/div52.al.fhs.no\/wp-content\/uploads\/2025\/02\/bildet-av-skole.jpg\" \/>\n\t\t<meta property=\"og:image:width\" content=\"1200\" \/>\n\t\t<meta property=\"og:image:height\" content=\"675\" \/>\n\t\t<meta property=\"article:published_time\" content=\"2024-10-03T13:50:52+00:00\" \/>\n\t\t<meta property=\"article:modified_time\" content=\"2026-04-19T16:36:47+00:00\" \/>\n\t\t<meta property=\"article:publisher\" content=\"https:\/\/www.facebook.com\/aalfhs\" \/>\n\t\t<meta name=\"twitter:card\" content=\"summary_large_image\" \/>\n\t\t<meta name=\"twitter:title\" content=\"About us - Tegnspr\u00e5k - \u00c5l Folkeh\u00f8yskole for d\u00f8ve\" \/>\n\t\t<meta name=\"twitter:description\" content=\"Do you dream of a unique year at folk high school for Deaf? \u00c5l Folkeh\u00f8gskole offers sign language, community, personal development, inclusion, and new friends \u2014 Norway\u2019s only school of its kind!\" \/>\n\t\t<meta name=\"twitter:image\" content=\"https:\/\/div52.al.fhs.no\/wp-content\/uploads\/2025\/02\/bildet-av-skole.jpg\" \/>\n\t\t<script type=\"application\/ld+json\" class=\"aioseo-schema\">\n\t\t\t{\"@context\":\"https:\\\/\\\/schema.org\",\"@graph\":[{\"@type\":\"BreadcrumbList\",\"@id\":\"https:\\\/\\\/div52.al.fhs.no\\\/en\\\/about-us\\\/#breadcrumblist\",\"itemListElement\":[{\"@type\":\"ListItem\",\"@id\":\"https:\\\/\\\/div52.al.fhs.no\\\/en\\\/#listItem\",\"position\":1,\"name\":\"Home\",\"item\":\"https:\\\/\\\/div52.al.fhs.no\\\/en\\\/\",\"nextItem\":{\"@type\":\"ListItem\",\"@id\":\"https:\\\/\\\/div52.al.fhs.no\\\/en\\\/about-us\\\/#listItem\",\"name\":\"About us\"}},{\"@type\":\"ListItem\",\"@id\":\"https:\\\/\\\/div52.al.fhs.no\\\/en\\\/about-us\\\/#listItem\",\"position\":2,\"name\":\"About us\",\"previousItem\":{\"@type\":\"ListItem\",\"@id\":\"https:\\\/\\\/div52.al.fhs.no\\\/en\\\/#listItem\",\"name\":\"Home\"}}]},{\"@type\":\"Organization\",\"@id\":\"https:\\\/\\\/div52.al.fhs.no\\\/en\\\/#organization\",\"name\":\"\\u00c5l Folkeh\\u00f8gskole for d\\u00f8ve\",\"description\":\"Siden 1974 har \\u00c5l Folkeh\\u00f8gskole v\\u00e6rt Norges ledende folkeh\\u00f8gskole for norsk tegnspr\\u00e5k, tegnspr\\u00e5koppl\\u00e6ring og d\\u00f8vekultur. Vi tilbyr tegnspr\\u00e5kkurs, temauker og l\\u00e6ringsopphold for barn, ungdom og voksne \\u2013 b\\u00e5de d\\u00f8ve og h\\u00f8rende \\u2013 i et unikt og levende tegnspr\\u00e5kmilj\\u00f8 p\\u00e5 \\u00c5l i Hallingdal. Som nasjonalt kompetansemilj\\u00f8 arbeider vi for tilgjengelighet, inkludering og styrking av norsk tegnspr\\u00e5k som nasjonalt minoritetsspr\\u00e5k\",\"url\":\"https:\\\/\\\/div52.al.fhs.no\\\/en\\\/\",\"email\":\"post@al.fhs.no\",\"telephone\":\"+4732082600\",\"foundingDate\":\"1974-05-16\",\"numberOfEmployees\":{\"@type\":\"QuantitativeValue\",\"minValue\":30,\"maxValue\":40},\"logo\":{\"@type\":\"ImageObject\",\"url\":\"https:\\\/\\\/div52.al.fhs.no\\\/wp-content\\\/uploads\\\/2025\\\/02\\\/logo_alfhs_175.png\",\"@id\":\"https:\\\/\\\/div52.al.fhs.no\\\/en\\\/about-us\\\/#organizationLogo\",\"width\":150,\"height\":80},\"image\":{\"@id\":\"https:\\\/\\\/div52.al.fhs.no\\\/en\\\/about-us\\\/#organizationLogo\"},\"sameAs\":[\"https:\\\/\\\/www.facebook.com\\\/aalfhs\",\"https:\\\/\\\/www.instagram.com\\\/aalfhs\\\/\"],\"address\":{\"@id\":\"https:\\\/\\\/div52.al.fhs.no\\\/en\\\/#postaladdress\",\"@type\":\"PostalAddress\",\"streetAddress\":\"Bakketeigen 51,\",\"postalCode\":\"3570\",\"addressLocality\":\"\\u00c5l\",\"addressRegion\":\"Buskerud\",\"addressCountry\":\"NO\"}},{\"@type\":\"WebPage\",\"@id\":\"https:\\\/\\\/div52.al.fhs.no\\\/en\\\/about-us\\\/#webpage\",\"url\":\"https:\\\/\\\/div52.al.fhs.no\\\/en\\\/about-us\\\/\",\"name\":\"About us - Tegnspr\\u00e5k - \\u00c5l Folkeh\\u00f8yskole for d\\u00f8ve\",\"description\":\"Do you dream of a unique year at folk high school for Deaf? \\u00c5l Folkeh\\u00f8gskole offers sign language, community, personal development, inclusion, and new friends \\u2014 Norway\\u2019s only school of its kind!\",\"inLanguage\":\"en-US\",\"isPartOf\":{\"@id\":\"https:\\\/\\\/div52.al.fhs.no\\\/en\\\/#website\"},\"breadcrumb\":{\"@id\":\"https:\\\/\\\/div52.al.fhs.no\\\/en\\\/about-us\\\/#breadcrumblist\"},\"image\":{\"@type\":\"ImageObject\",\"url\":\"https:\\\/\\\/div52.al.fhs.no\\\/wp-content\\\/uploads\\\/2025\\\/02\\\/bildet-av-skole.jpg\",\"@id\":\"https:\\\/\\\/div52.al.fhs.no\\\/en\\\/about-us\\\/#mainImage\",\"width\":1200,\"height\":675},\"primaryImageOfPage\":{\"@id\":\"https:\\\/\\\/div52.al.fhs.no\\\/en\\\/about-us\\\/#mainImage\"},\"datePublished\":\"2024-10-03T14:50:52+01:00\",\"dateModified\":\"2026-04-19T17:36:47+01:00\"},{\"@type\":\"WebSite\",\"@id\":\"https:\\\/\\\/div52.al.fhs.no\\\/en\\\/#website\",\"url\":\"https:\\\/\\\/div52.al.fhs.no\\\/en\\\/\",\"name\":\"\\u00c5l Folkeh\\u00f8yskole for d\\u00f8ve\",\"alternateName\":\"\\u00c5l FHS\",\"description\":\"\\u00c5l Folkeh\\u00f8yskole\",\"inLanguage\":\"en-US\",\"publisher\":{\"@id\":\"https:\\\/\\\/div52.al.fhs.no\\\/en\\\/#organization\"}}]}\n\t\t<\/script>\n\t\t<script type=\"text\/javascript\">\n\t\t\t(function(c,l,a,r,i,t,y){\n\t\t\tc[a]=c[a]||function(){(c[a].q=c[a].q||[]).push(arguments)};t=l.createElement(r);t.async=1;\n\t\t\tt.src=\"https:\/\/www.clarity.ms\/tag\/\"+i+\"?ref=aioseo\";y=l.getElementsByTagName(r)[0];y.parentNode.insertBefore(t,y);\n\t\t})(window, document, \"clarity\", \"script\", \"rvbykivuv5\");\n\t\t<\/script>\n\t\t<!-- All in One SEO Pro -->\r\n\t\t<title>About us - Tegnspr\u00e5k - \u00c5l Folkeh\u00f8yskole for d\u00f8ve<\/title>\n\n","aioseo_head_json":{"title":"About us - Tegnspr\u00e5k - \u00c5l Folkeh\u00f8yskole for d\u00f8ve","description":"Do you dream of a unique year at folk high school for Deaf? \u00c5l Folkeh\u00f8gskole offers sign language, community, personal development, inclusion, and new friends \u2014 Norway\u2019s only school of its kind!","canonical_url":"https:\/\/div52.al.fhs.no\/en\/about-us\/","robots":"noindex, nofollow, max-image-preview:large","keywords":"","webmasterTools":{"msvalidate.01":"CFE5C3BDE8045D408E05253F255B563D","p:domain_verify":"875ca38e2a2ff99a485dd32d8146d437","miscellaneous":""},"schema":{"@context":"https:\/\/schema.org","@graph":[{"@type":"BreadcrumbList","@id":"https:\/\/div52.al.fhs.no\/en\/about-us\/#breadcrumblist","itemListElement":[{"@type":"ListItem","@id":"https:\/\/div52.al.fhs.no\/en\/#listItem","position":1,"name":"Home","item":"https:\/\/div52.al.fhs.no\/en\/","nextItem":{"@type":"ListItem","@id":"https:\/\/div52.al.fhs.no\/en\/about-us\/#listItem","name":"About us"}},{"@type":"ListItem","@id":"https:\/\/div52.al.fhs.no\/en\/about-us\/#listItem","position":2,"name":"About us","previousItem":{"@type":"ListItem","@id":"https:\/\/div52.al.fhs.no\/en\/#listItem","name":"Home"}}]},{"@type":"Organization","@id":"https:\/\/div52.al.fhs.no\/en\/#organization","name":"\u00c5l Folkeh\u00f8gskole for d\u00f8ve","description":"Siden 1974 har \u00c5l Folkeh\u00f8gskole v\u00e6rt Norges ledende folkeh\u00f8gskole for norsk tegnspr\u00e5k, tegnspr\u00e5koppl\u00e6ring og d\u00f8vekultur. Vi tilbyr tegnspr\u00e5kkurs, temauker og l\u00e6ringsopphold for barn, ungdom og voksne \u2013 b\u00e5de d\u00f8ve og h\u00f8rende \u2013 i et unikt og levende tegnspr\u00e5kmilj\u00f8 p\u00e5 \u00c5l i Hallingdal. Som nasjonalt kompetansemilj\u00f8 arbeider vi for tilgjengelighet, inkludering og styrking av norsk tegnspr\u00e5k som nasjonalt minoritetsspr\u00e5k","url":"https:\/\/div52.al.fhs.no\/en\/","email":"post@al.fhs.no","telephone":"+4732082600","foundingDate":"1974-05-16","numberOfEmployees":{"@type":"QuantitativeValue","minValue":30,"maxValue":40},"logo":{"@type":"ImageObject","url":"https:\/\/div52.al.fhs.no\/wp-content\/uploads\/2025\/02\/logo_alfhs_175.png","@id":"https:\/\/div52.al.fhs.no\/en\/about-us\/#organizationLogo","width":150,"height":80},"image":{"@id":"https:\/\/div52.al.fhs.no\/en\/about-us\/#organizationLogo"},"sameAs":["https:\/\/www.facebook.com\/aalfhs","https:\/\/www.instagram.com\/aalfhs\/"],"address":{"@id":"https:\/\/div52.al.fhs.no\/en\/#postaladdress","@type":"PostalAddress","streetAddress":"Bakketeigen 51,","postalCode":"3570","addressLocality":"\u00c5l","addressRegion":"Buskerud","addressCountry":"NO"}},{"@type":"WebPage","@id":"https:\/\/div52.al.fhs.no\/en\/about-us\/#webpage","url":"https:\/\/div52.al.fhs.no\/en\/about-us\/","name":"About us - Tegnspr\u00e5k - \u00c5l Folkeh\u00f8yskole for d\u00f8ve","description":"Do you dream of a unique year at folk high school for Deaf? \u00c5l Folkeh\u00f8gskole offers sign language, community, personal development, inclusion, and new friends \u2014 Norway\u2019s only school of its kind!","inLanguage":"en-US","isPartOf":{"@id":"https:\/\/div52.al.fhs.no\/en\/#website"},"breadcrumb":{"@id":"https:\/\/div52.al.fhs.no\/en\/about-us\/#breadcrumblist"},"image":{"@type":"ImageObject","url":"https:\/\/div52.al.fhs.no\/wp-content\/uploads\/2025\/02\/bildet-av-skole.jpg","@id":"https:\/\/div52.al.fhs.no\/en\/about-us\/#mainImage","width":1200,"height":675},"primaryImageOfPage":{"@id":"https:\/\/div52.al.fhs.no\/en\/about-us\/#mainImage"},"datePublished":"2024-10-03T14:50:52+01:00","dateModified":"2026-04-19T17:36:47+01:00"},{"@type":"WebSite","@id":"https:\/\/div52.al.fhs.no\/en\/#website","url":"https:\/\/div52.al.fhs.no\/en\/","name":"\u00c5l Folkeh\u00f8yskole for d\u00f8ve","alternateName":"\u00c5l FHS","description":"\u00c5l Folkeh\u00f8yskole","inLanguage":"en-US","publisher":{"@id":"https:\/\/div52.al.fhs.no\/en\/#organization"}}]},"og:locale":"en_US","og:site_name":"\u00c5l Folkeh\u00f8yskole for d\u00f8ve - \u00c5l Folkeh\u00f8yskole","og:type":"article","og:title":"About us - Tegnspr\u00e5k - \u00c5l Folkeh\u00f8yskole for d\u00f8ve","og:description":"Do you dream of a unique year at folk high school for Deaf? \u00c5l Folkeh\u00f8gskole offers sign language, community, personal development, inclusion, and new friends \u2014 Norway\u2019s only school of its kind!","og:url":"https:\/\/div52.al.fhs.no\/en\/about-us\/","og:image":"https:\/\/div52.al.fhs.no\/wp-content\/uploads\/2025\/02\/bildet-av-skole.jpg","og:image:secure_url":"https:\/\/div52.al.fhs.no\/wp-content\/uploads\/2025\/02\/bildet-av-skole.jpg","og:image:width":1200,"og:image:height":675,"article:published_time":"2024-10-03T13:50:52+00:00","article:modified_time":"2026-04-19T16:36:47+00:00","article:publisher":"https:\/\/www.facebook.com\/aalfhs","twitter:card":"summary_large_image","twitter:title":"About us - Tegnspr\u00e5k - \u00c5l Folkeh\u00f8yskole for d\u00f8ve","twitter:description":"Do you dream of a unique year at folk high school for Deaf? \u00c5l Folkeh\u00f8gskole offers sign language, community, personal development, inclusion, and new friends \u2014 Norway\u2019s only school of its kind!","twitter:image":"https:\/\/div52.al.fhs.no\/wp-content\/uploads\/2025\/02\/bildet-av-skole.jpg"},"aioseo_meta_data":{"post_id":"255032","title":null,"description":"Do you dream of a unique year at folk high school for Deaf? \u00c5l Folkeh\u00f8gskole offers sign language, community, personal development, inclusion, and new friends \u2014 Norway\u2019s only school of its kind!","keywords":null,"keyphrases":{"focus":{"keyphrase":"About us","score":0,"analysis":[]}},"primary_term":null,"canonical_url":null,"og_title":null,"og_description":null,"og_object_type":"default","og_image_type":"default","og_image_url":null,"og_image_width":null,"og_image_height":null,"og_image_custom_url":null,"og_image_custom_fields":null,"og_video":"","og_custom_url":null,"og_article_section":null,"og_article_tags":null,"twitter_use_og":false,"twitter_card":"default","twitter_image_type":"default","twitter_image_url":null,"twitter_image_custom_url":null,"twitter_image_custom_fields":null,"twitter_title":null,"twitter_description":null,"schema":{"blockGraphs":[],"customGraphs":[],"default":{"data":{"Article":[],"Course":[],"Dataset":[],"FAQPage":[],"Movie":[],"Person":[],"Product":[],"ProductReview":[],"Car":[],"Recipe":[],"Service":[],"SoftwareApplication":[],"WebPage":[]},"graphName":"WebPage","isEnabled":true},"graphs":[]},"schema_type":"default","schema_type_options":null,"pillar_content":false,"robots_default":true,"robots_noindex":false,"robots_noarchive":false,"robots_nosnippet":false,"robots_nofollow":false,"robots_noimageindex":false,"robots_noodp":false,"robots_notranslate":false,"robots_max_snippet":"-1","robots_max_videopreview":"-1","robots_max_imagepreview":"large","priority":null,"frequency":"default","local_seo":null,"seo_analyzer_scan_date":"2026-02-03 08:21:57","breadcrumb_settings":null,"limit_modified_date":false,"reviewed_by":null,"open_ai":null,"ai":null,"created":"2025-06-07 16:31:09","updated":"2026-04-19 17:26:45"},"aioseo_breadcrumb":"<div class=\"aioseo-breadcrumbs\"><span class=\"aioseo-breadcrumb\">\n\t<a href=\"https:\/\/div52.al.fhs.no\/en\/\" title=\"Home\">Home<\/a>\n<\/span><span class=\"aioseo-breadcrumb-separator\">\u00bb<\/span><span class=\"aioseo-breadcrumb\">\n\tAbout us\n<\/span><\/div>","aioseo_breadcrumb_json":[{"label":"Home","link":"https:\/\/div52.al.fhs.no\/en\/"},{"label":"About us","link":"https:\/\/div52.al.fhs.no\/en\/about-us\/"}],"_links":{"self":[{"href":"https:\/\/div52.al.fhs.no\/en\/wp-json\/wp\/v2\/pages\/255032","targetHints":{"allow":["GET"]}}],"collection":[{"href":"https:\/\/div52.al.fhs.no\/en\/wp-json\/wp\/v2\/pages"}],"about":[{"href":"https:\/\/div52.al.fhs.no\/en\/wp-json\/wp\/v2\/types\/page"}],"author":[{"embeddable":true,"href":"https:\/\/div52.al.fhs.no\/en\/wp-json\/wp\/v2\/users\/1"}],"replies":[{"embeddable":true,"href":"https:\/\/div52.al.fhs.no\/en\/wp-json\/wp\/v2\/comments?post=255032"}],"version-history":[{"count":0,"href":"https:\/\/div52.al.fhs.no\/en\/wp-json\/wp\/v2\/pages\/255032\/revisions"}],"wp:featuredmedia":[{"embeddable":true,"href":"https:\/\/div52.al.fhs.no\/en\/wp-json\/wp\/v2\/media\/253872"}],"wp:attachment":[{"href":"https:\/\/div52.al.fhs.no\/en\/wp-json\/wp\/v2\/media?parent=255032"}],"wp:term":[{"taxonomy":"difl_page_category","embeddable":true,"href":"https:\/\/div52.al.fhs.no\/en\/wp-json\/wp\/v2\/difl_page_category?post=255032"}],"curies":[{"name":"wp","href":"https:\/\/api.w.org\/{rel}","templated":true}]}}