{"id":255026,"date":"2024-10-05T18:21:43","date_gmt":"2024-10-05T17:21:43","guid":{"rendered":"https:\/\/al.fhs.no\/programs\/design-your-path\/"},"modified":"2026-04-19T17:36:50","modified_gmt":"2026-04-19T16:36:50","slug":"design-your-path","status":"publish","type":"page","link":"https:\/\/div52.al.fhs.no\/en\/programs\/design-your-path\/","title":{"rendered":"Design your path"},"content":{"rendered":"","protected":false},"excerpt":{"rendered":"","protected":false},"author":1,"featured_media":0,"parent":255001,"menu_order":23,"comment_status":"closed","ping_status":"closed","template":"","meta":{"om_disable_all_campaigns":false,"_monsterinsights_skip_tracking":false,"_monsterinsights_sitenote_active":false,"_monsterinsights_sitenote_note":"","_monsterinsights_sitenote_category":0,"_uf_show_specific_survey":0,"_uf_disable_surveys":false,"_et_pb_use_builder":"on","_et_pb_old_content":"","_et_gb_content_width":"","footnotes":""},"difl_page_category":[],"class_list":["post-255026","page","type-page","status-publish","hentry"],"aioseo_notices":[],"aioseo_head":"\n\t\t<!-- All in One SEO Pro 4.9.6.2 - aioseo.com -->\n\t<meta name=\"description\" content=\"Design din vei ved \u00c5l folkeh\u00f8gskole \u2013 tverrfaglig linje p\u00e5 tegnspr\u00e5k: kunst, friluftsliv &amp; personlig utvikling for d\u00f8ve og h\u00f8rselshemmede\" \/>\n\t<meta name=\"robots\" content=\"noindex, nofollow, max-image-preview:large\" \/>\n\t<meta name=\"msvalidate.01\" content=\"CFE5C3BDE8045D408E05253F255B563D\" \/>\n\t<meta name=\"p:domain_verify\" content=\"875ca38e2a2ff99a485dd32d8146d437\" \/>\n\t<link rel=\"canonical\" href=\"https:\/\/div52.al.fhs.no\/en\/programs\/design-your-path\/\" \/>\n\t<meta name=\"generator\" content=\"All in One SEO Pro (AIOSEO) 4.9.6.2\" \/>\n\t\t<meta property=\"og:locale\" content=\"en_US\" \/>\n\t\t<meta property=\"og:site_name\" content=\"\u00c5l Folkeh\u00f8yskole for d\u00f8ve - \u00c5l Folkeh\u00f8yskole\" \/>\n\t\t<meta property=\"og:type\" content=\"article\" \/>\n\t\t<meta property=\"og:title\" content=\"Design your path - Tegnspr\u00e5k - \u00c5l Folkeh\u00f8yskole for d\u00f8ve\" \/>\n\t\t<meta property=\"og:description\" content=\"Design din vei ved \u00c5l folkeh\u00f8gskole \u2013 tverrfaglig linje p\u00e5 tegnspr\u00e5k: kunst, friluftsliv &amp; personlig utvikling for d\u00f8ve og h\u00f8rselshemmede\" \/>\n\t\t<meta property=\"og:url\" content=\"https:\/\/div52.al.fhs.no\/en\/programs\/design-your-path\/\" \/>\n\t\t<meta property=\"article:published_time\" content=\"2024-10-05T17:21:43+00:00\" \/>\n\t\t<meta property=\"article:modified_time\" content=\"2026-04-19T16:36:50+00:00\" \/>\n\t\t<meta property=\"article:publisher\" content=\"https:\/\/www.facebook.com\/aalfhs\" \/>\n\t\t<meta name=\"twitter:card\" content=\"summary_large_image\" \/>\n\t\t<meta name=\"twitter:title\" content=\"Design your path - Tegnspr\u00e5k - \u00c5l Folkeh\u00f8yskole for d\u00f8ve\" \/>\n\t\t<meta name=\"twitter:description\" content=\"Design din vei ved \u00c5l folkeh\u00f8gskole \u2013 tverrfaglig linje p\u00e5 tegnspr\u00e5k: kunst, friluftsliv &amp; personlig utvikling for d\u00f8ve og h\u00f8rselshemmede\" \/>\n\t\t<script type=\"application\/ld+json\" class=\"aioseo-schema\">\n\t\t\t{\"@context\":\"https:\\\/\\\/schema.org\",\"@graph\":[{\"@type\":\"BreadcrumbList\",\"@id\":\"https:\\\/\\\/div52.al.fhs.no\\\/en\\\/programs\\\/design-your-path\\\/#breadcrumblist\",\"itemListElement\":[{\"@type\":\"ListItem\",\"@id\":\"https:\\\/\\\/div52.al.fhs.no\\\/en\\\/#listItem\",\"position\":1,\"name\":\"Home\",\"item\":\"https:\\\/\\\/div52.al.fhs.no\\\/en\\\/\",\"nextItem\":{\"@type\":\"ListItem\",\"@id\":\"https:\\\/\\\/div52.al.fhs.no\\\/en\\\/programs\\\/#listItem\",\"name\":\"Programs\"}},{\"@type\":\"ListItem\",\"@id\":\"https:\\\/\\\/div52.al.fhs.no\\\/en\\\/programs\\\/#listItem\",\"position\":2,\"name\":\"Programs\",\"item\":\"https:\\\/\\\/div52.al.fhs.no\\\/en\\\/programs\\\/\",\"nextItem\":{\"@type\":\"ListItem\",\"@id\":\"https:\\\/\\\/div52.al.fhs.no\\\/en\\\/programs\\\/design-your-path\\\/#listItem\",\"name\":\"Design your path\"},\"previousItem\":{\"@type\":\"ListItem\",\"@id\":\"https:\\\/\\\/div52.al.fhs.no\\\/en\\\/#listItem\",\"name\":\"Home\"}},{\"@type\":\"ListItem\",\"@id\":\"https:\\\/\\\/div52.al.fhs.no\\\/en\\\/programs\\\/design-your-path\\\/#listItem\",\"position\":3,\"name\":\"Design your path\",\"previousItem\":{\"@type\":\"ListItem\",\"@id\":\"https:\\\/\\\/div52.al.fhs.no\\\/en\\\/programs\\\/#listItem\",\"name\":\"Programs\"}}]},{\"@type\":\"Organization\",\"@id\":\"https:\\\/\\\/div52.al.fhs.no\\\/en\\\/#organization\",\"name\":\"\\u00c5l Folkeh\\u00f8gskole for d\\u00f8ve\",\"description\":\"Siden 1974 har \\u00c5l Folkeh\\u00f8gskole v\\u00e6rt Norges ledende folkeh\\u00f8gskole for norsk tegnspr\\u00e5k, tegnspr\\u00e5koppl\\u00e6ring og d\\u00f8vekultur. Vi tilbyr tegnspr\\u00e5kkurs, temauker og l\\u00e6ringsopphold for barn, ungdom og voksne \\u2013 b\\u00e5de d\\u00f8ve og h\\u00f8rende \\u2013 i et unikt og levende tegnspr\\u00e5kmilj\\u00f8 p\\u00e5 \\u00c5l i Hallingdal. Som nasjonalt kompetansemilj\\u00f8 arbeider vi for tilgjengelighet, inkludering og styrking av norsk tegnspr\\u00e5k som nasjonalt minoritetsspr\\u00e5k\",\"url\":\"https:\\\/\\\/div52.al.fhs.no\\\/en\\\/\",\"email\":\"post@al.fhs.no\",\"telephone\":\"+4732082600\",\"foundingDate\":\"1974-05-16\",\"numberOfEmployees\":{\"@type\":\"QuantitativeValue\",\"minValue\":30,\"maxValue\":40},\"logo\":{\"@type\":\"ImageObject\",\"url\":\"https:\\\/\\\/div52.al.fhs.no\\\/wp-content\\\/uploads\\\/2025\\\/02\\\/logo_alfhs_175.png\",\"@id\":\"https:\\\/\\\/div52.al.fhs.no\\\/en\\\/programs\\\/design-your-path\\\/#organizationLogo\",\"width\":150,\"height\":80},\"image\":{\"@id\":\"https:\\\/\\\/div52.al.fhs.no\\\/en\\\/programs\\\/design-your-path\\\/#organizationLogo\"},\"sameAs\":[\"https:\\\/\\\/www.facebook.com\\\/aalfhs\",\"https:\\\/\\\/www.instagram.com\\\/aalfhs\\\/\"],\"address\":{\"@id\":\"https:\\\/\\\/div52.al.fhs.no\\\/en\\\/#postaladdress\",\"@type\":\"PostalAddress\",\"streetAddress\":\"Bakketeigen 51,\",\"postalCode\":\"3570\",\"addressLocality\":\"\\u00c5l\",\"addressRegion\":\"Buskerud\",\"addressCountry\":\"NO\"}},{\"@type\":\"WebPage\",\"@id\":\"https:\\\/\\\/div52.al.fhs.no\\\/en\\\/programs\\\/design-your-path\\\/#webpage\",\"url\":\"https:\\\/\\\/div52.al.fhs.no\\\/en\\\/programs\\\/design-your-path\\\/\",\"name\":\"Design your path - Tegnspr\\u00e5k - \\u00c5l Folkeh\\u00f8yskole for d\\u00f8ve\",\"description\":\"Design din vei ved \\u00c5l folkeh\\u00f8gskole \\u2013 tverrfaglig linje p\\u00e5 tegnspr\\u00e5k: kunst, friluftsliv & personlig utvikling for d\\u00f8ve og h\\u00f8rselshemmede\",\"inLanguage\":\"en-US\",\"isPartOf\":{\"@id\":\"https:\\\/\\\/div52.al.fhs.no\\\/en\\\/#website\"},\"breadcrumb\":{\"@id\":\"https:\\\/\\\/div52.al.fhs.no\\\/en\\\/programs\\\/design-your-path\\\/#breadcrumblist\"},\"datePublished\":\"2024-10-05T18:21:43+01:00\",\"dateModified\":\"2026-04-19T17:36:50+01:00\"},{\"@type\":\"WebSite\",\"@id\":\"https:\\\/\\\/div52.al.fhs.no\\\/en\\\/#website\",\"url\":\"https:\\\/\\\/div52.al.fhs.no\\\/en\\\/\",\"name\":\"\\u00c5l Folkeh\\u00f8yskole for d\\u00f8ve\",\"alternateName\":\"\\u00c5l FHS\",\"description\":\"\\u00c5l Folkeh\\u00f8yskole\",\"inLanguage\":\"en-US\",\"publisher\":{\"@id\":\"https:\\\/\\\/div52.al.fhs.no\\\/en\\\/#organization\"}}]}\n\t\t<\/script>\n\t\t<script type=\"text\/javascript\">\n\t\t\t(function(c,l,a,r,i,t,y){\n\t\t\tc[a]=c[a]||function(){(c[a].q=c[a].q||[]).push(arguments)};t=l.createElement(r);t.async=1;\n\t\t\tt.src=\"https:\/\/www.clarity.ms\/tag\/\"+i+\"?ref=aioseo\";y=l.getElementsByTagName(r)[0];y.parentNode.insertBefore(t,y);\n\t\t})(window, document, \"clarity\", \"script\", \"rvbykivuv5\");\n\t\t<\/script>\n\t\t<!-- All in One SEO Pro -->\r\n\t\t<title>Design your path - Tegnspr\u00e5k - \u00c5l Folkeh\u00f8yskole for d\u00f8ve<\/title>\n\n","aioseo_head_json":{"title":"Design your path - Tegnspr\u00e5k - \u00c5l Folkeh\u00f8yskole for d\u00f8ve","description":"Design din vei ved \u00c5l folkeh\u00f8gskole \u2013 tverrfaglig linje p\u00e5 tegnspr\u00e5k: kunst, friluftsliv & personlig utvikling for d\u00f8ve og h\u00f8rselshemmede","canonical_url":"https:\/\/div52.al.fhs.no\/en\/programs\/design-your-path\/","robots":"noindex, nofollow, max-image-preview:large","keywords":"","webmasterTools":{"msvalidate.01":"CFE5C3BDE8045D408E05253F255B563D","p:domain_verify":"875ca38e2a2ff99a485dd32d8146d437","miscellaneous":""},"schema":{"@context":"https:\/\/schema.org","@graph":[{"@type":"BreadcrumbList","@id":"https:\/\/div52.al.fhs.no\/en\/programs\/design-your-path\/#breadcrumblist","itemListElement":[{"@type":"ListItem","@id":"https:\/\/div52.al.fhs.no\/en\/#listItem","position":1,"name":"Home","item":"https:\/\/div52.al.fhs.no\/en\/","nextItem":{"@type":"ListItem","@id":"https:\/\/div52.al.fhs.no\/en\/programs\/#listItem","name":"Programs"}},{"@type":"ListItem","@id":"https:\/\/div52.al.fhs.no\/en\/programs\/#listItem","position":2,"name":"Programs","item":"https:\/\/div52.al.fhs.no\/en\/programs\/","nextItem":{"@type":"ListItem","@id":"https:\/\/div52.al.fhs.no\/en\/programs\/design-your-path\/#listItem","name":"Design your path"},"previousItem":{"@type":"ListItem","@id":"https:\/\/div52.al.fhs.no\/en\/#listItem","name":"Home"}},{"@type":"ListItem","@id":"https:\/\/div52.al.fhs.no\/en\/programs\/design-your-path\/#listItem","position":3,"name":"Design your path","previousItem":{"@type":"ListItem","@id":"https:\/\/div52.al.fhs.no\/en\/programs\/#listItem","name":"Programs"}}]},{"@type":"Organization","@id":"https:\/\/div52.al.fhs.no\/en\/#organization","name":"\u00c5l Folkeh\u00f8gskole for d\u00f8ve","description":"Siden 1974 har \u00c5l Folkeh\u00f8gskole v\u00e6rt Norges ledende folkeh\u00f8gskole for norsk tegnspr\u00e5k, tegnspr\u00e5koppl\u00e6ring og d\u00f8vekultur. Vi tilbyr tegnspr\u00e5kkurs, temauker og l\u00e6ringsopphold for barn, ungdom og voksne \u2013 b\u00e5de d\u00f8ve og h\u00f8rende \u2013 i et unikt og levende tegnspr\u00e5kmilj\u00f8 p\u00e5 \u00c5l i Hallingdal. Som nasjonalt kompetansemilj\u00f8 arbeider vi for tilgjengelighet, inkludering og styrking av norsk tegnspr\u00e5k som nasjonalt minoritetsspr\u00e5k","url":"https:\/\/div52.al.fhs.no\/en\/","email":"post@al.fhs.no","telephone":"+4732082600","foundingDate":"1974-05-16","numberOfEmployees":{"@type":"QuantitativeValue","minValue":30,"maxValue":40},"logo":{"@type":"ImageObject","url":"https:\/\/div52.al.fhs.no\/wp-content\/uploads\/2025\/02\/logo_alfhs_175.png","@id":"https:\/\/div52.al.fhs.no\/en\/programs\/design-your-path\/#organizationLogo","width":150,"height":80},"image":{"@id":"https:\/\/div52.al.fhs.no\/en\/programs\/design-your-path\/#organizationLogo"},"sameAs":["https:\/\/www.facebook.com\/aalfhs","https:\/\/www.instagram.com\/aalfhs\/"],"address":{"@id":"https:\/\/div52.al.fhs.no\/en\/#postaladdress","@type":"PostalAddress","streetAddress":"Bakketeigen 51,","postalCode":"3570","addressLocality":"\u00c5l","addressRegion":"Buskerud","addressCountry":"NO"}},{"@type":"WebPage","@id":"https:\/\/div52.al.fhs.no\/en\/programs\/design-your-path\/#webpage","url":"https:\/\/div52.al.fhs.no\/en\/programs\/design-your-path\/","name":"Design your path - Tegnspr\u00e5k - \u00c5l Folkeh\u00f8yskole for d\u00f8ve","description":"Design din vei ved \u00c5l folkeh\u00f8gskole \u2013 tverrfaglig linje p\u00e5 tegnspr\u00e5k: kunst, friluftsliv & personlig utvikling for d\u00f8ve og h\u00f8rselshemmede","inLanguage":"en-US","isPartOf":{"@id":"https:\/\/div52.al.fhs.no\/en\/#website"},"breadcrumb":{"@id":"https:\/\/div52.al.fhs.no\/en\/programs\/design-your-path\/#breadcrumblist"},"datePublished":"2024-10-05T18:21:43+01:00","dateModified":"2026-04-19T17:36:50+01:00"},{"@type":"WebSite","@id":"https:\/\/div52.al.fhs.no\/en\/#website","url":"https:\/\/div52.al.fhs.no\/en\/","name":"\u00c5l Folkeh\u00f8yskole for d\u00f8ve","alternateName":"\u00c5l FHS","description":"\u00c5l Folkeh\u00f8yskole","inLanguage":"en-US","publisher":{"@id":"https:\/\/div52.al.fhs.no\/en\/#organization"}}]},"og:locale":"en_US","og:site_name":"\u00c5l Folkeh\u00f8yskole for d\u00f8ve - \u00c5l Folkeh\u00f8yskole","og:type":"article","og:title":"Design your path - Tegnspr\u00e5k - \u00c5l Folkeh\u00f8yskole for d\u00f8ve","og:description":"Design din vei ved \u00c5l folkeh\u00f8gskole \u2013 tverrfaglig linje p\u00e5 tegnspr\u00e5k: kunst, friluftsliv &amp; personlig utvikling for d\u00f8ve og h\u00f8rselshemmede","og:url":"https:\/\/div52.al.fhs.no\/en\/programs\/design-your-path\/","article:published_time":"2024-10-05T17:21:43+00:00","article:modified_time":"2026-04-19T16:36:50+00:00","article:publisher":"https:\/\/www.facebook.com\/aalfhs","twitter:card":"summary_large_image","twitter:title":"Design your path - Tegnspr\u00e5k - \u00c5l Folkeh\u00f8yskole for d\u00f8ve","twitter:description":"Design din vei ved \u00c5l folkeh\u00f8gskole \u2013 tverrfaglig linje p\u00e5 tegnspr\u00e5k: kunst, friluftsliv &amp; personlig utvikling for d\u00f8ve og h\u00f8rselshemmede"},"aioseo_meta_data":{"post_id":"255026","title":null,"description":"Design din\u202fvei ved \u00c5l folkeh\u00f8gskole \u2013 tverrfaglig linje p\u00e5 tegnspr\u00e5k: kunst, friluftsliv &amp; personlig utvikling for d\u00f8ve og h\u00f8rselshemmede","keywords":null,"keyphrases":{"focus":{"keyphrase":"Design din vei","score":82,"analysis":{"keyphraseInTitle":{"score":9,"maxScore":9,"error":0},"keyphraseInDescription":{"score":9,"maxScore":9,"error":0},"keyphraseLength":{"score":9,"maxScore":9,"error":0,"length":3},"keyphraseInURL":{"score":5,"maxScore":5,"error":0},"keyphraseInIntroduction":{"score":9,"maxScore":9,"error":0},"keyphraseInSubHeadings":[],"keyphraseInImageAlt":[],"keywordDensity":{"score":0,"type":"low","maxScore":9,"error":1}}},"additional":[]},"primary_term":null,"canonical_url":null,"og_title":null,"og_description":null,"og_object_type":"default","og_image_type":"default","og_image_url":null,"og_image_width":null,"og_image_height":null,"og_image_custom_url":null,"og_image_custom_fields":null,"og_video":"","og_custom_url":null,"og_article_section":null,"og_article_tags":null,"twitter_use_og":false,"twitter_card":"default","twitter_image_type":"default","twitter_image_url":null,"twitter_image_custom_url":null,"twitter_image_custom_fields":null,"twitter_title":null,"twitter_description":null,"schema":{"blockGraphs":[],"customGraphs":[],"default":{"data":{"Article":[],"Course":[],"Dataset":[],"FAQPage":[],"Movie":[],"Person":[],"Product":[],"ProductReview":[],"Car":[],"Recipe":[],"Service":[],"SoftwareApplication":[],"WebPage":[]},"graphName":"WebPage","isEnabled":true},"graphs":[]},"schema_type":"default","schema_type_options":null,"pillar_content":false,"robots_default":true,"robots_noindex":false,"robots_noarchive":false,"robots_nosnippet":false,"robots_nofollow":false,"robots_noimageindex":false,"robots_noodp":false,"robots_notranslate":false,"robots_max_snippet":"-1","robots_max_videopreview":"-1","robots_max_imagepreview":"large","priority":null,"frequency":"default","local_seo":null,"seo_analyzer_scan_date":"2025-08-15 04:08:53","breadcrumb_settings":null,"limit_modified_date":false,"reviewed_by":"0","open_ai":"{\"title\":{\"suggestions\":[],\"usage\":0},\"description\":{\"suggestions\":[],\"usage\":0}}","ai":null,"created":"2025-06-07 15:47:30","updated":"2026-04-19 17:26:45"},"aioseo_breadcrumb":"<div class=\"aioseo-breadcrumbs\"><span class=\"aioseo-breadcrumb\">\n\t<a href=\"https:\/\/div52.al.fhs.no\/en\/\" title=\"Home\">Home<\/a>\n<\/span><span class=\"aioseo-breadcrumb-separator\">\u00bb<\/span><span class=\"aioseo-breadcrumb\">\n\t<a href=\"https:\/\/div52.al.fhs.no\/en\/programs\/\" title=\"Programs\">Programs<\/a>\n<\/span><span class=\"aioseo-breadcrumb-separator\">\u00bb<\/span><span class=\"aioseo-breadcrumb\">\n\tDesign your path\n<\/span><\/div>","aioseo_breadcrumb_json":[{"label":"Home","link":"https:\/\/div52.al.fhs.no\/en\/"},{"label":"Programs","link":"https:\/\/div52.al.fhs.no\/en\/programs\/"},{"label":"Design your path","link":"https:\/\/div52.al.fhs.no\/en\/programs\/design-your-path\/"}],"_links":{"self":[{"href":"https:\/\/div52.al.fhs.no\/en\/wp-json\/wp\/v2\/pages\/255026","targetHints":{"allow":["GET"]}}],"collection":[{"href":"https:\/\/div52.al.fhs.no\/en\/wp-json\/wp\/v2\/pages"}],"about":[{"href":"https:\/\/div52.al.fhs.no\/en\/wp-json\/wp\/v2\/types\/page"}],"author":[{"embeddable":true,"href":"https:\/\/div52.al.fhs.no\/en\/wp-json\/wp\/v2\/users\/1"}],"replies":[{"embeddable":true,"href":"https:\/\/div52.al.fhs.no\/en\/wp-json\/wp\/v2\/comments?post=255026"}],"version-history":[{"count":0,"href":"https:\/\/div52.al.fhs.no\/en\/wp-json\/wp\/v2\/pages\/255026\/revisions"}],"up":[{"embeddable":true,"href":"https:\/\/div52.al.fhs.no\/en\/wp-json\/wp\/v2\/pages\/255001"}],"wp:attachment":[{"href":"https:\/\/div52.al.fhs.no\/en\/wp-json\/wp\/v2\/media?parent=255026"}],"wp:term":[{"taxonomy":"difl_page_category","embeddable":true,"href":"https:\/\/div52.al.fhs.no\/en\/wp-json\/wp\/v2\/difl_page_category?post=255026"}],"curies":[{"name":"wp","href":"https:\/\/api.w.org\/{rel}","templated":true}]}}